{"id":37893,"date":"2023-08-23T11:22:29","date_gmt":"2023-08-23T16:22:29","guid":{"rendered":"https:\/\/iglesiapalabrapura.com\/site\/?post_type=product&#038;p=37893"},"modified":"2025-11-06T13:54:27","modified_gmt":"2025-11-06T18:54:27","slug":"no-temas-porque-yo-estoy-contigo","status":"publish","type":"product","link":"https:\/\/iglesiapalabrapura.com\/site\/product\/no-temas-porque-yo-estoy-contigo\/","title":{"rendered":"No Temas: Porque yo estoy contigo"},"content":{"rendered":"","protected":false},"excerpt":{"rendered":"<p>La tierra desolada es un lugar lleno de temor y de oscuridad, donde tus peores temores te persiguen, en ese lugar vive Sama. Un peque\u00f1o muy temeroso, que anda en busca de su hermano mayor. A trav\u00e9s de esta historia Sama lucha contra sus peores temores, pero ah\u00ed en ese lugar escucho una voz que le dijo No temas yo estoy contigo, aqu\u00ed es donde comienza la aventura de Sama luchando con sus peores temores usando la Palabra y su escudo de la Fe.<\/p>\n<p>No Temas, es una iniciativa que se esfuerza por traer luz a la problem\u00e1tica del miedo, a trav\u00e9s de la exposici\u00f3n de la Biblia usando el formato de comic<\/p>\n","protected":false},"featured_media":37894,"comment_status":"open","ping_status":"closed","template":"","meta":[],"product_cat":[264,54],"product_tag":[69,709],"class_list":{"0":"post-37893","1":"product","2":"type-product","3":"status-publish","4":"has-post-thumbnail","6":"product_cat-infantil","7":"product_cat-libros","8":"product_tag-libro","9":"product_tag-no-temas-porque-yo-estoy-contigo","11":"first","12":"instock","13":"shipping-taxable","14":"purchasable","15":"product-type-simple"},"_links":{"self":[{"href":"https:\/\/iglesiapalabrapura.com\/site\/wp-json\/wp\/v2\/product\/37893","targetHints":{"allow":["GET"]}}],"collection":[{"href":"https:\/\/iglesiapalabrapura.com\/site\/wp-json\/wp\/v2\/product"}],"about":[{"href":"https:\/\/iglesiapalabrapura.com\/site\/wp-json\/wp\/v2\/types\/product"}],"replies":[{"embeddable":true,"href":"https:\/\/iglesiapalabrapura.com\/site\/wp-json\/wp\/v2\/comments?post=37893"}],"wp:featuredmedia":[{"embeddable":true,"href":"https:\/\/iglesiapalabrapura.com\/site\/wp-json\/wp\/v2\/media\/37894"}],"wp:attachment":[{"href":"https:\/\/iglesiapalabrapura.com\/site\/wp-json\/wp\/v2\/media?parent=37893"}],"wp:term":[{"taxonomy":"product_cat","embeddable":true,"href":"https:\/\/iglesiapalabrapura.com\/site\/wp-json\/wp\/v2\/product_cat?post=37893"},{"taxonomy":"product_tag","embeddable":true,"href":"https:\/\/iglesiapalabrapura.com\/site\/wp-json\/wp\/v2\/product_tag?post=37893"}],"curies":[{"name":"wp","href":"https:\/\/api.w.org\/{rel}","templated":true}]}}