{"id":37895,"date":"2023-08-23T11:26:52","date_gmt":"2023-08-23T16:26:52","guid":{"rendered":"https:\/\/iglesiapalabrapura.com\/site\/?post_type=product&#038;p=37895"},"modified":"2025-11-06T13:54:09","modified_gmt":"2025-11-06T18:54:09","slug":"los-generales-de-dios","status":"publish","type":"product","link":"https:\/\/iglesiapalabrapura.com\/site\/product\/los-generales-de-dios\/","title":{"rendered":"LOS GENERALES DE DIOS l"},"content":{"rendered":"","protected":false},"excerpt":{"rendered":"<p>Doce biograf\u00edas espirituales de algunos de los m\u00e1s importantes ministros que encendieron el fuego del avivamiento. Liardon narra fielmente sus vidas, ense\u00f1anzas, revelaciones y se acompa\u00f1a con materiales in\u00e9ditos.<\/p>\n<p>Algunos de los generales de Dios que usted encontrar\u00e1 en este primer volumen son:<\/p>\n<ul>\n<li><em><strong>William J. Seymour, hijo de ex esclavos que convirti\u00f3 un sucio establo de caballos en Azusa Street, Los \u00c1ngeles, en un famoso centro internacional de avivamiento.<\/strong><\/em><\/li>\n<li><em><strong>Aime Semple McPherson, la glamorosa y extravagante fundadora de la Iglesia Cuadrangular y la primera estaci\u00f3n de radio cristiana de Estados Unidos.<\/strong><\/em><\/li>\n<li><em><strong>Smith Wigglesworth, el plomero que no ley\u00f3 ning\u00fan libro, s\u00f3lo la Biblia, y fue usado poderosamente sanando enfermos y levantando muertos.<\/strong><\/em><\/li>\n<li><em><strong>Kathryn Kuhlman, la evangelista cuyas reuniones de milagros hicieron que millones de esc\u00e9pticos creyeran.<\/strong><\/em><\/li>\n<\/ul>\n<p>Con Los Generales de Dios aprender\u00e1 a obedecer la gu\u00eda del Esp\u00edritu en cada \u00e1rea de su vida y har\u00e1 que su ministerio sea poderoso. \u00a1Permita que Los Generales de Dios le muestren c\u00f3mo hacerlo!<\/p>\n<p>Roberts Liardon es uno de los l\u00edderes cristianos m\u00e1s respetados de nuestra generaci\u00f3n. Como autor, orador, l\u00edder espiritual, historiador de la iglesia y humanitario, ha ministrado en m\u00e1s de 125 pa\u00edses. Sus libros se han traducido a m\u00e1s de sesenta idiomas, y m\u00e1s de quince millones se han vendido en todo el mundo.<\/p>\n","protected":false},"featured_media":37896,"comment_status":"open","ping_status":"closed","template":"","meta":[],"product_cat":[54,1166,1158],"product_tag":[712,69,710,711],"class_list":{"0":"post-37895","1":"product","2":"type-product","3":"status-publish","4":"has-post-thumbnail","6":"product_cat-libros","7":"product_cat-liderazgo","8":"product_cat-por-temas","9":"product_tag-las-calves-de-sus-exitos-y-fracasos","10":"product_tag-libro","11":"product_tag-los-generales-de-dios","12":"product_tag-roberts-liardon","14":"first","15":"instock","16":"shipping-taxable","17":"purchasable","18":"product-type-simple"},"_links":{"self":[{"href":"https:\/\/iglesiapalabrapura.com\/site\/wp-json\/wp\/v2\/product\/37895","targetHints":{"allow":["GET"]}}],"collection":[{"href":"https:\/\/iglesiapalabrapura.com\/site\/wp-json\/wp\/v2\/product"}],"about":[{"href":"https:\/\/iglesiapalabrapura.com\/site\/wp-json\/wp\/v2\/types\/product"}],"replies":[{"embeddable":true,"href":"https:\/\/iglesiapalabrapura.com\/site\/wp-json\/wp\/v2\/comments?post=37895"}],"wp:featuredmedia":[{"embeddable":true,"href":"https:\/\/iglesiapalabrapura.com\/site\/wp-json\/wp\/v2\/media\/37896"}],"wp:attachment":[{"href":"https:\/\/iglesiapalabrapura.com\/site\/wp-json\/wp\/v2\/media?parent=37895"}],"wp:term":[{"taxonomy":"product_cat","embeddable":true,"href":"https:\/\/iglesiapalabrapura.com\/site\/wp-json\/wp\/v2\/product_cat?post=37895"},{"taxonomy":"product_tag","embeddable":true,"href":"https:\/\/iglesiapalabrapura.com\/site\/wp-json\/wp\/v2\/product_tag?post=37895"}],"curies":[{"name":"wp","href":"https:\/\/api.w.org\/{rel}","templated":true}]}}