{"id":37897,"date":"2023-08-23T11:36:56","date_gmt":"2023-08-23T16:36:56","guid":{"rendered":"https:\/\/iglesiapalabrapura.com\/site\/?post_type=product&#038;p=37897"},"modified":"2025-10-17T16:08:11","modified_gmt":"2025-10-17T21:08:11","slug":"biblia-compacta-luz-en-mi-camino-nvi-cohete","status":"publish","type":"product","link":"https:\/\/iglesiapalabrapura.com\/site\/product\/biblia-compacta-luz-en-mi-camino-nvi-cohete\/","title":{"rendered":"BIBLIA COMPACTA LUZ EN MI CAMINO NVI (COHETE)"},"content":{"rendered":"","protected":false},"excerpt":{"rendered":"<p>La Biblia compacta luz en mi camino NVI es una Biblia para las nuevas generaciones, incluye p\u00e1ginas a todo color para hacer m\u00e1s amena la experiencia de leer la Biblia.<\/p>\n<p>Sus herramientas para conectar la Palabra de Dios con los ni\u00f1os, a trav\u00e9s de un lenguaje contempor\u00e1neo y comprensible para la nueva generaci\u00f3n.<\/p>\n<p>&nbsp;<\/p>\n<p><strong>Caracter\u00edsticas<\/strong><\/p>\n<p>80 p\u00e1ginas a todo color<\/p>\n<p>36 historias b\u00edblicas con ilustraciones<\/p>\n<p>Ayudas especiales para padres<\/p>\n<p>P\u00e1gina de presentaci\u00f3n<\/p>\n<p>Lenguaje contempor\u00e1neo<\/p>\n<p>Tapa s\u00edmil piel estampado cohetes<\/p>\n<p>Dimensi\u00f3n: 19 x 12 x 3,3 cm<\/p>\n<p>Peso:\u00a0\u00a0\u00a0\u00a0\u00a0\u00a0\u00a0\u00a0\u00a0\u00a0\u00a0\u00a0\u00a0 0,581 gr.<\/p>\n<p>Tama\u00f1o de letra 7.5 puntos.<\/p>\n","protected":false},"featured_media":37898,"comment_status":"open","ping_status":"closed","template":"","meta":[],"product_cat":[55,1153,1156],"product_tag":[191,713],"class_list":{"0":"post-37897","1":"product","2":"type-product","3":"status-publish","4":"has-post-thumbnail","6":"product_cat-biblias","7":"product_cat-biblias-por-version","8":"product_cat-nvi","9":"product_tag-biblia","10":"product_tag-biblia-compacta-luz-en-mi-camino-nvi","12":"first","13":"instock","14":"shipping-taxable","15":"purchasable","16":"product-type-simple"},"_links":{"self":[{"href":"https:\/\/iglesiapalabrapura.com\/site\/wp-json\/wp\/v2\/product\/37897","targetHints":{"allow":["GET"]}}],"collection":[{"href":"https:\/\/iglesiapalabrapura.com\/site\/wp-json\/wp\/v2\/product"}],"about":[{"href":"https:\/\/iglesiapalabrapura.com\/site\/wp-json\/wp\/v2\/types\/product"}],"replies":[{"embeddable":true,"href":"https:\/\/iglesiapalabrapura.com\/site\/wp-json\/wp\/v2\/comments?post=37897"}],"wp:featuredmedia":[{"embeddable":true,"href":"https:\/\/iglesiapalabrapura.com\/site\/wp-json\/wp\/v2\/media\/37898"}],"wp:attachment":[{"href":"https:\/\/iglesiapalabrapura.com\/site\/wp-json\/wp\/v2\/media?parent=37897"}],"wp:term":[{"taxonomy":"product_cat","embeddable":true,"href":"https:\/\/iglesiapalabrapura.com\/site\/wp-json\/wp\/v2\/product_cat?post=37897"},{"taxonomy":"product_tag","embeddable":true,"href":"https:\/\/iglesiapalabrapura.com\/site\/wp-json\/wp\/v2\/product_tag?post=37897"}],"curies":[{"name":"wp","href":"https:\/\/api.w.org\/{rel}","templated":true}]}}