{"id":38594,"date":"2023-10-26T14:31:54","date_gmt":"2023-10-26T19:31:54","guid":{"rendered":"https:\/\/iglesiapalabrapura.com\/site\/?post_type=product&#038;p=38594"},"modified":"2025-10-17T12:15:57","modified_gmt":"2025-10-17T17:15:57","slug":"cuando-el-enemigo-ataca","status":"publish","type":"product","link":"https:\/\/iglesiapalabrapura.com\/site\/product\/cuando-el-enemigo-ataca\/","title":{"rendered":"Cuando el Enemigo Ataca: Las Claves para Ganar tus Batallas Espirituales"},"content":{"rendered":"","protected":false},"excerpt":{"rendered":"<p>La pregunta no es como evitar los ataques sat\u00e1nicos, sino como vencerlos, en este libro encontraras una gu\u00eda para poder salir victorioso de esas batallas.<\/p>\n<p>En algun momento de su vida, todos los cristianos nos enfrentaremos a un ataque satanico: un asalto energico del diablo con el proposito de danar nuestro espiritu, alma o cuerpo. Dios quiere que los cristianos esten bajo su control, pero el enemigo nos quiere bajo su influencia, y hara todo lo posible por destruir todo lo bueno en nuestras vidas.<\/p>\n<p>Satanas no es omnipotente, aun asi, es un adversario muy poderoso. Sin embargo, Dios no nos abandona a nuestra propia defensa, y quiere que entendamos su poder sobrenatural y su habilidad ilimitada para ayudarnos.<\/p>\n<p><strong>El doctor Stanley mostrara a los lectores como alcanzar la victoria:<\/strong><\/p>\n<ul>\n<li>Identificando al enemigo<\/li>\n<li>Visti\u00e9ndonos con toda la armadura de Dios y resistiendo<\/li>\n<li>Liberando la energ\u00eda de Dios, su divino poder y protecci\u00f3n a trav\u00e9s de la oraci\u00f3n<\/li>\n<li>Detectando los avisos de prevenci\u00f3n de los ataques sat\u00e1nicos en las areas de las finanzas, la familia, las relaciones o la salud<\/li>\n<li>La guerra espiritual se pelea diariamente en el campo de batalla de su mente. El adversario sabe que si puede influir en sus pensamientos y dirigirlos, es solo cuesti\u00f3n de tiempo para que usted sea vulnerable a la seducci\u00f3n del pecado. El doctor Stanley ensena que para resistir los ataques de Satan\u00e1s, usted debe meditar en principios b\u00edblicos y tomar cada pensamiento cautivo, arm\u00e1ndose con la espada del Esp\u00edritu: la Palabra de Dios.<\/li>\n<\/ul>\n","protected":false},"featured_media":38595,"comment_status":"open","ping_status":"closed","template":"","meta":[],"product_cat":[54],"product_tag":[735,734,69],"class_list":{"0":"post-38594","1":"product","2":"type-product","3":"status-publish","4":"has-post-thumbnail","6":"product_cat-libros","7":"product_tag-charles-f-stanley","8":"product_tag-cuando-el-enemigo-ataca","9":"product_tag-libro","11":"first","12":"instock","13":"shipping-taxable","14":"purchasable","15":"product-type-simple"},"_links":{"self":[{"href":"https:\/\/iglesiapalabrapura.com\/site\/wp-json\/wp\/v2\/product\/38594","targetHints":{"allow":["GET"]}}],"collection":[{"href":"https:\/\/iglesiapalabrapura.com\/site\/wp-json\/wp\/v2\/product"}],"about":[{"href":"https:\/\/iglesiapalabrapura.com\/site\/wp-json\/wp\/v2\/types\/product"}],"replies":[{"embeddable":true,"href":"https:\/\/iglesiapalabrapura.com\/site\/wp-json\/wp\/v2\/comments?post=38594"}],"wp:featuredmedia":[{"embeddable":true,"href":"https:\/\/iglesiapalabrapura.com\/site\/wp-json\/wp\/v2\/media\/38595"}],"wp:attachment":[{"href":"https:\/\/iglesiapalabrapura.com\/site\/wp-json\/wp\/v2\/media?parent=38594"}],"wp:term":[{"taxonomy":"product_cat","embeddable":true,"href":"https:\/\/iglesiapalabrapura.com\/site\/wp-json\/wp\/v2\/product_cat?post=38594"},{"taxonomy":"product_tag","embeddable":true,"href":"https:\/\/iglesiapalabrapura.com\/site\/wp-json\/wp\/v2\/product_tag?post=38594"}],"curies":[{"name":"wp","href":"https:\/\/api.w.org\/{rel}","templated":true}]}}