{"id":38825,"date":"2023-11-29T11:02:53","date_gmt":"2023-11-29T16:02:53","guid":{"rendered":"https:\/\/iglesiapalabrapura.com\/site\/?post_type=product&#038;p=38825"},"modified":"2025-05-20T16:17:57","modified_gmt":"2025-05-20T21:17:57","slug":"la-navidad-oculta","status":"publish","type":"product","link":"https:\/\/iglesiapalabrapura.com\/site\/product\/la-navidad-oculta\/","title":{"rendered":"La Navidad Oculta"},"content":{"rendered":"","protected":false},"excerpt":{"rendered":"<p>Aun esas personas que no practican el cristianismo piensan que conocen la historia del nacimiento. Cada exhibici\u00f3n navide\u00f1a muestra a Jes\u00fas durmiendo en un pesebre decorando c\u00e9spedes y cementerios y canciones sobre \u00e1ngeles y pastores llenan la atm\u00f3sfera. Pero a pesar de la abundancia de estas referencias cristianas en la cultura popular, \u00bfcu\u00e1ntos de nosotros hemos examinado los contornos de esta historia b\u00edblica? En su nuevo libro, Timothy Keller lleva a los lectores a un viaje iluminado a las bases de la sorprendente historia de la natividad. Al comprender el mensaje de esperanza y salvaci\u00f3n dentro de la Biblia y el nacimiento de Jes\u00fas, lectores experimentar\u00e1n el poder redentor de la gracia de Dios de forma m\u00e1s profunda y significativa.<\/p>\n","protected":false},"featured_media":38831,"comment_status":"open","ping_status":"closed","template":"","meta":[],"product_cat":[54],"product_tag":[759,69],"class_list":{"0":"post-38825","1":"product","2":"type-product","3":"status-publish","4":"has-post-thumbnail","6":"product_cat-libros","7":"product_tag-la-vida-de-jesus-ilustrada","8":"product_tag-libro","10":"first","11":"instock","12":"shipping-taxable","13":"purchasable","14":"product-type-simple"},"_links":{"self":[{"href":"https:\/\/iglesiapalabrapura.com\/site\/wp-json\/wp\/v2\/product\/38825","targetHints":{"allow":["GET"]}}],"collection":[{"href":"https:\/\/iglesiapalabrapura.com\/site\/wp-json\/wp\/v2\/product"}],"about":[{"href":"https:\/\/iglesiapalabrapura.com\/site\/wp-json\/wp\/v2\/types\/product"}],"replies":[{"embeddable":true,"href":"https:\/\/iglesiapalabrapura.com\/site\/wp-json\/wp\/v2\/comments?post=38825"}],"wp:featuredmedia":[{"embeddable":true,"href":"https:\/\/iglesiapalabrapura.com\/site\/wp-json\/wp\/v2\/media\/38831"}],"wp:attachment":[{"href":"https:\/\/iglesiapalabrapura.com\/site\/wp-json\/wp\/v2\/media?parent=38825"}],"wp:term":[{"taxonomy":"product_cat","embeddable":true,"href":"https:\/\/iglesiapalabrapura.com\/site\/wp-json\/wp\/v2\/product_cat?post=38825"},{"taxonomy":"product_tag","embeddable":true,"href":"https:\/\/iglesiapalabrapura.com\/site\/wp-json\/wp\/v2\/product_tag?post=38825"}],"curies":[{"name":"wp","href":"https:\/\/api.w.org\/{rel}","templated":true}]}}