{"id":38827,"date":"2023-11-29T11:11:30","date_gmt":"2023-11-29T16:11:30","guid":{"rendered":"https:\/\/iglesiapalabrapura.com\/site\/?post_type=product&#038;p=38827"},"modified":"2025-05-20T16:17:48","modified_gmt":"2025-05-20T21:17:48","slug":"la-navidad-origen-significado-y-textos","status":"publish","type":"product","link":"https:\/\/iglesiapalabrapura.com\/site\/product\/la-navidad-origen-significado-y-textos\/","title":{"rendered":"La Navidad: Origen, Significado y Textos"},"content":{"rendered":"","protected":false},"excerpt":{"rendered":"<p>Este libro te guiar\u00e1 a reflexionar sobre las razones que tenemos los cristianos para celebrar la Navidad. \u00bfCu\u00e1l es la fecha para hacerlo? \u00bfEs el 25 de diciembre o el 6 de enero? Podr\u00e1s leer homil\u00edas y sermones en las cuales los l\u00edderes de los primeros siglos te ilustrar\u00e1n acerca de las razones teol\u00f3gicas-es decir, razones fundamentadas en el evangelio -por las cuales los cristianos empezaron a celebrar la Navidad, y si esas razones son v\u00e1lidas todav\u00eda hoy, en nuestro comercializado Siglo XXI.<\/p>\n","protected":false},"featured_media":38829,"comment_status":"open","ping_status":"closed","template":"","meta":[],"product_cat":[54],"product_tag":[1092,760,69,761],"class_list":{"0":"post-38827","1":"product","2":"type-product","3":"status-publish","4":"has-post-thumbnail","6":"product_cat-libros","7":"product_tag-justo-l-gonzalez","8":"product_tag-la-navidad-origen","9":"product_tag-libro","10":"product_tag-significado-y-textos","12":"first","13":"instock","14":"shipping-taxable","15":"purchasable","16":"product-type-simple"},"_links":{"self":[{"href":"https:\/\/iglesiapalabrapura.com\/site\/wp-json\/wp\/v2\/product\/38827","targetHints":{"allow":["GET"]}}],"collection":[{"href":"https:\/\/iglesiapalabrapura.com\/site\/wp-json\/wp\/v2\/product"}],"about":[{"href":"https:\/\/iglesiapalabrapura.com\/site\/wp-json\/wp\/v2\/types\/product"}],"replies":[{"embeddable":true,"href":"https:\/\/iglesiapalabrapura.com\/site\/wp-json\/wp\/v2\/comments?post=38827"}],"wp:featuredmedia":[{"embeddable":true,"href":"https:\/\/iglesiapalabrapura.com\/site\/wp-json\/wp\/v2\/media\/38829"}],"wp:attachment":[{"href":"https:\/\/iglesiapalabrapura.com\/site\/wp-json\/wp\/v2\/media?parent=38827"}],"wp:term":[{"taxonomy":"product_cat","embeddable":true,"href":"https:\/\/iglesiapalabrapura.com\/site\/wp-json\/wp\/v2\/product_cat?post=38827"},{"taxonomy":"product_tag","embeddable":true,"href":"https:\/\/iglesiapalabrapura.com\/site\/wp-json\/wp\/v2\/product_tag?post=38827"}],"curies":[{"name":"wp","href":"https:\/\/api.w.org\/{rel}","templated":true}]}}