{"id":38833,"date":"2023-11-29T11:25:20","date_gmt":"2023-11-29T16:25:20","guid":{"rendered":"https:\/\/iglesiapalabrapura.com\/site\/?post_type=product&#038;p=38833"},"modified":"2025-05-20T16:17:33","modified_gmt":"2025-05-20T21:17:33","slug":"santa-la-noche-coloree-mientras-contempla-el-motivo-de-la-temporada","status":"publish","type":"product","link":"https:\/\/iglesiapalabrapura.com\/site\/product\/santa-la-noche-coloree-mientras-contempla-el-motivo-de-la-temporada\/","title":{"rendered":"Santa La Noche : Coloree Mientras Contempla El Motivo de la Temporada"},"content":{"rendered":"","protected":false},"excerpt":{"rendered":"<p>Inspirado por una de las canciones m\u00e1s queridas que describen el nacimiento del Salvador, los dise\u00f1os ricos en detallados en este libro de colorear para adultos ayudan a aliviar el estr\u00e9s, ya que proporcionan calma y serenidad en medio del ajetreo de la temporada navide\u00f1a. Pintores novatos y experimentados por igual ser\u00e1n capaces de reflexionar sobre las breves citas de la versi\u00f3n Reina Valera 1909.<\/p>\n","protected":false},"featured_media":38834,"comment_status":"open","ping_status":"closed","template":"","meta":[],"product_cat":[54],"product_tag":[744,763,69,762],"class_list":{"0":"post-38833","1":"product","2":"type-product","3":"status-publish","4":"has-post-thumbnail","6":"product_cat-libros","7":"product_tag-adultos","8":"product_tag-colorear","9":"product_tag-libro","10":"product_tag-santa-la-noche","12":"first","13":"instock","14":"shipping-taxable","15":"purchasable","16":"product-type-simple"},"_links":{"self":[{"href":"https:\/\/iglesiapalabrapura.com\/site\/wp-json\/wp\/v2\/product\/38833","targetHints":{"allow":["GET"]}}],"collection":[{"href":"https:\/\/iglesiapalabrapura.com\/site\/wp-json\/wp\/v2\/product"}],"about":[{"href":"https:\/\/iglesiapalabrapura.com\/site\/wp-json\/wp\/v2\/types\/product"}],"replies":[{"embeddable":true,"href":"https:\/\/iglesiapalabrapura.com\/site\/wp-json\/wp\/v2\/comments?post=38833"}],"wp:featuredmedia":[{"embeddable":true,"href":"https:\/\/iglesiapalabrapura.com\/site\/wp-json\/wp\/v2\/media\/38834"}],"wp:attachment":[{"href":"https:\/\/iglesiapalabrapura.com\/site\/wp-json\/wp\/v2\/media?parent=38833"}],"wp:term":[{"taxonomy":"product_cat","embeddable":true,"href":"https:\/\/iglesiapalabrapura.com\/site\/wp-json\/wp\/v2\/product_cat?post=38833"},{"taxonomy":"product_tag","embeddable":true,"href":"https:\/\/iglesiapalabrapura.com\/site\/wp-json\/wp\/v2\/product_tag?post=38833"}],"curies":[{"name":"wp","href":"https:\/\/api.w.org\/{rel}","templated":true}]}}