{"id":39458,"date":"2024-02-29T17:58:18","date_gmt":"2024-02-29T22:58:18","guid":{"rendered":"https:\/\/iglesiapalabrapura.com\/site\/?post_type=product&#038;p=39458"},"modified":"2025-06-20T11:48:16","modified_gmt":"2025-06-20T16:48:16","slug":"te-gustaria-conocer-a-jesus","status":"publish","type":"product","link":"https:\/\/iglesiapalabrapura.com\/site\/product\/te-gustaria-conocer-a-jesus\/","title":{"rendered":"\u00bfTe Gustar\u00eda Conocer a Jes\u00fas?"},"content":{"rendered":"","protected":false},"excerpt":{"rendered":"<p>Los creativos e inspiradores dise\u00f1os de la artista Annabelle Grobler se te proveen en una versi\u00f3n de bolsillo. Rel\u00e1jate y expresa tu alma creativa mientras coloreas estos llamativos dise\u00f1os. Redescubre el efecto calmante y meditativo del color, y disfruta del placer de invitar a otros que se te unan; las p\u00e1ginas perforadas hacen que este sea un pasatiempo compartible.<\/p>\n<p>El grueso papel estucado hace que tu obra de arte sea adecuada para la exhibici\u00f3n. Encontrar\u00e1s temas para todas las estaciones. Crea coloridos adornos y decoraciones m\u00f3viles para el espejo retrovisor con las p\u00e1ginas perforadas. El tama\u00f1o de bolsillo hace que sea f\u00e1cil de llevar a todo lugar<\/p>\n","protected":false},"featured_media":39459,"comment_status":"open","ping_status":"closed","template":"","meta":[],"product_cat":[264,54,1167,1158],"product_tag":[801,800,204,69],"class_list":{"0":"post-39458","1":"product","2":"type-product","3":"status-publish","4":"has-post-thumbnail","6":"product_cat-infantil","7":"product_cat-libros","8":"product_cat-ninos","9":"product_cat-por-temas","10":"product_tag-te-gustaria-conocer-a-jesus","11":"product_tag-e-reeves","12":"product_tag-infantil","13":"product_tag-libro","15":"first","16":"instock","17":"shipping-taxable","18":"purchasable","19":"product-type-simple"},"_links":{"self":[{"href":"https:\/\/iglesiapalabrapura.com\/site\/wp-json\/wp\/v2\/product\/39458","targetHints":{"allow":["GET"]}}],"collection":[{"href":"https:\/\/iglesiapalabrapura.com\/site\/wp-json\/wp\/v2\/product"}],"about":[{"href":"https:\/\/iglesiapalabrapura.com\/site\/wp-json\/wp\/v2\/types\/product"}],"replies":[{"embeddable":true,"href":"https:\/\/iglesiapalabrapura.com\/site\/wp-json\/wp\/v2\/comments?post=39458"}],"wp:featuredmedia":[{"embeddable":true,"href":"https:\/\/iglesiapalabrapura.com\/site\/wp-json\/wp\/v2\/media\/39459"}],"wp:attachment":[{"href":"https:\/\/iglesiapalabrapura.com\/site\/wp-json\/wp\/v2\/media?parent=39458"}],"wp:term":[{"taxonomy":"product_cat","embeddable":true,"href":"https:\/\/iglesiapalabrapura.com\/site\/wp-json\/wp\/v2\/product_cat?post=39458"},{"taxonomy":"product_tag","embeddable":true,"href":"https:\/\/iglesiapalabrapura.com\/site\/wp-json\/wp\/v2\/product_tag?post=39458"}],"curies":[{"name":"wp","href":"https:\/\/api.w.org\/{rel}","templated":true}]}}