{"id":40304,"date":"2024-06-07T17:07:39","date_gmt":"2024-06-07T22:07:39","guid":{"rendered":"https:\/\/iglesiapalabrapura.com\/site\/?post_type=product&#038;p=40304"},"modified":"2025-06-20T15:12:29","modified_gmt":"2025-06-20T20:12:29","slug":"el-globalismo-falso-serie","status":"publish","type":"product","link":"https:\/\/iglesiapalabrapura.com\/site\/product\/el-globalismo-falso-serie\/","title":{"rendered":"EL GLOBALISMO FALSO (SERIE)"},"content":{"rendered":"","protected":false},"excerpt":{"rendered":"<p>Esta serie es una Ense\u00f1anza maravillosa en la que nuestra Pastora, Adriana H. Lemes, a trav\u00e9s de la Palabra de Dios, renueva nuestra mente para que tengamos un mayor entendimiento sobre el Globalismo de Dios bajo un gobierno Teocr\u00e1tico, y que desde los inicios debi\u00f3 mantenerse as\u00ed, en el que s\u00f3lo Dios gobierna; entonces, bajo esta premisa podremos reconocer el Globalismo Falso que satan\u00e1s ha intentado establecer innumerables veces en el transcurso de la historia de la humanidad hasta nuestros d\u00edas.<\/p>\n<p>Ense\u00f1anza del a\u00f1o 2024<\/p>\n","protected":false},"featured_media":40308,"comment_status":"open","ping_status":"closed","template":"","meta":[],"product_cat":[52,841,1182],"product_tag":[869,116,62,120],"class_list":{"0":"post-40304","1":"product","2":"type-product","3":"status-publish","4":"has-post-thumbnail","6":"product_cat-audioensenanza","7":"product_cat-adrianalemes","8":"product_cat-por-autor-audioensenanza","9":"product_tag-el-globalismo-falso","10":"product_tag-iglesia-palabra-pura","11":"product_tag-pastora-adriana-lemes","12":"product_tag-serie","14":"first","15":"instock","16":"downloadable","17":"virtual","18":"purchasable","19":"product-type-simple"},"_links":{"self":[{"href":"https:\/\/iglesiapalabrapura.com\/site\/wp-json\/wp\/v2\/product\/40304","targetHints":{"allow":["GET"]}}],"collection":[{"href":"https:\/\/iglesiapalabrapura.com\/site\/wp-json\/wp\/v2\/product"}],"about":[{"href":"https:\/\/iglesiapalabrapura.com\/site\/wp-json\/wp\/v2\/types\/product"}],"replies":[{"embeddable":true,"href":"https:\/\/iglesiapalabrapura.com\/site\/wp-json\/wp\/v2\/comments?post=40304"}],"wp:featuredmedia":[{"embeddable":true,"href":"https:\/\/iglesiapalabrapura.com\/site\/wp-json\/wp\/v2\/media\/40308"}],"wp:attachment":[{"href":"https:\/\/iglesiapalabrapura.com\/site\/wp-json\/wp\/v2\/media?parent=40304"}],"wp:term":[{"taxonomy":"product_cat","embeddable":true,"href":"https:\/\/iglesiapalabrapura.com\/site\/wp-json\/wp\/v2\/product_cat?post=40304"},{"taxonomy":"product_tag","embeddable":true,"href":"https:\/\/iglesiapalabrapura.com\/site\/wp-json\/wp\/v2\/product_tag?post=40304"}],"curies":[{"name":"wp","href":"https:\/\/api.w.org\/{rel}","templated":true}]}}