{"id":40309,"date":"2024-06-07T18:26:26","date_gmt":"2024-06-07T23:26:26","guid":{"rendered":"https:\/\/iglesiapalabrapura.com\/site\/?post_type=product&#038;p=40309"},"modified":"2025-06-20T15:01:01","modified_gmt":"2025-06-20T20:01:01","slug":"el-globalismo-falso-serie-video","status":"publish","type":"product","link":"https:\/\/iglesiapalabrapura.com\/site\/product\/el-globalismo-falso-serie-video\/","title":{"rendered":"EL GLOBALISMO FALSO (SERIE- VIDEO)"},"content":{"rendered":"","protected":false},"excerpt":{"rendered":"<p>Esta serie es una Ense\u00f1anza maravillosa en la que nuestra Pastora, Adriana H. Lemes, a trav\u00e9s de la Palabra de Dios, renueva nuestra mente para que tengamos un mayor entendimiento sobre el Globalismo de Dios bajo un gobierno Teocr\u00e1tico, y que desde los inicios debi\u00f3 mantenerse as\u00ed, en el que s\u00f3lo Dios gobierna; entonces, bajo esta premisa podremos reconocer el Globalismo Falso que satan\u00e1s ha intentado establecer innumerables veces en el transcurso de la historia de la humanidad hasta nuestros d\u00edas.<\/p>\n<p>&nbsp;<\/p>\n<p>Ense\u00f1anza del a\u00f1o 2024<\/p>\n","protected":false},"featured_media":40308,"comment_status":"open","ping_status":"closed","template":"","meta":[],"product_cat":[53,859,1181,1180,1186],"product_tag":[869,116,62,120],"class_list":{"0":"post-40309","1":"product","2":"type-product","3":"status-publish","4":"has-post-thumbnail","6":"product_cat-ensenanzavideo","7":"product_cat-adrianalemes-ensenanzavideo","8":"product_cat-por-autor-ensenanzavideo","9":"product_cat-por-tema","10":"product_cat-ultimos-tiempos","11":"product_tag-el-globalismo-falso","12":"product_tag-iglesia-palabra-pura","13":"product_tag-pastora-adriana-lemes","14":"product_tag-serie","16":"first","17":"instock","18":"downloadable","19":"virtual","20":"purchasable","21":"product-type-simple"},"_links":{"self":[{"href":"https:\/\/iglesiapalabrapura.com\/site\/wp-json\/wp\/v2\/product\/40309","targetHints":{"allow":["GET"]}}],"collection":[{"href":"https:\/\/iglesiapalabrapura.com\/site\/wp-json\/wp\/v2\/product"}],"about":[{"href":"https:\/\/iglesiapalabrapura.com\/site\/wp-json\/wp\/v2\/types\/product"}],"replies":[{"embeddable":true,"href":"https:\/\/iglesiapalabrapura.com\/site\/wp-json\/wp\/v2\/comments?post=40309"}],"wp:featuredmedia":[{"embeddable":true,"href":"https:\/\/iglesiapalabrapura.com\/site\/wp-json\/wp\/v2\/media\/40308"}],"wp:attachment":[{"href":"https:\/\/iglesiapalabrapura.com\/site\/wp-json\/wp\/v2\/media?parent=40309"}],"wp:term":[{"taxonomy":"product_cat","embeddable":true,"href":"https:\/\/iglesiapalabrapura.com\/site\/wp-json\/wp\/v2\/product_cat?post=40309"},{"taxonomy":"product_tag","embeddable":true,"href":"https:\/\/iglesiapalabrapura.com\/site\/wp-json\/wp\/v2\/product_tag?post=40309"}],"curies":[{"name":"wp","href":"https:\/\/api.w.org\/{rel}","templated":true}]}}