{"id":40396,"date":"2024-06-18T10:23:47","date_gmt":"2024-06-18T15:23:47","guid":{"rendered":"https:\/\/iglesiapalabrapura.com\/site\/?post_type=product&#038;p=40396"},"modified":"2025-11-06T12:17:14","modified_gmt":"2025-11-06T17:17:14","slug":"generales-de-dios-iv-los-evangelistas-de-la-sanidad","status":"publish","type":"product","link":"https:\/\/iglesiapalabrapura.com\/site\/product\/generales-de-dios-iv-los-evangelistas-de-la-sanidad\/","title":{"rendered":"Generales De Dios IV\/Los Evangelistas De La Sanidad"},"content":{"rendered":"","protected":false},"excerpt":{"rendered":"<p>Usted tambi\u00e9n puede experimentar el poder sanador del Esp\u00edritu Santo &#8220;Los generales de IV: Los evangelistas de sanidad&#8221; relata la vida y los ministerios de los grandes evangelistas de la sanidad del siglo XX: Oral Roberts, Lester Sumrall, Charles y Frances Hunter, F. F. Bosworth y George Jeffreys. Si desea experimentar la sanidad, comience estudiando los poderosos ministerios de estos seis extraordinarios h\u00e9roes de la fe que fueron fortalecidos por el Esp\u00edritu y lograron resultados extraordinarios. A trav\u00e9s de esta lectura, ser\u00e1 inspirado a: Desarrollar una fe m\u00e1s fuerte para se\u00f1ales y milagros. Hallar valent\u00eda para batallas espirituales. Experimentar el gozo de ganar personas para el Se\u00f1or. Cumplir el llamado divino en su vida. Perseguir a Dios por sanidad f\u00edsica y espiritual. Dios us\u00f3 a estas personas de fe para sanar milagrosamente a multitudes. Aprenda c\u00f3mo usted tambi\u00e9n puede experimentar se\u00f1ales y milagros en su vida y en la de los que lo rodean. El aclamado autor Roberts Liardon escribe estas reveladoras biograf\u00edas espirituales sobre los maestros de la sanidad m\u00e1s poderosos para encender el fuego del avivamiento. Usted podr\u00e1 aplicar estos descubrimientos a su propia vida y ser inspirado por estos poderosos guerreros.<\/p>\n","protected":false},"featured_media":40828,"comment_status":"open","ping_status":"closed","template":"","meta":[],"product_cat":[1160,54,1158],"product_tag":[870,69,871,710,711],"class_list":{"0":"post-40396","1":"product","2":"type-product","3":"status-publish","4":"has-post-thumbnail","6":"product_cat-biografias","7":"product_cat-libros","8":"product_cat-por-temas","9":"product_tag-generales-de-dios-iv","10":"product_tag-libro","11":"product_tag-los-evangelistas-de-la-sanidad","12":"product_tag-los-generales-de-dios","13":"product_tag-roberts-liardon","15":"first","16":"instock","17":"shipping-taxable","18":"purchasable","19":"product-type-simple"},"_links":{"self":[{"href":"https:\/\/iglesiapalabrapura.com\/site\/wp-json\/wp\/v2\/product\/40396","targetHints":{"allow":["GET"]}}],"collection":[{"href":"https:\/\/iglesiapalabrapura.com\/site\/wp-json\/wp\/v2\/product"}],"about":[{"href":"https:\/\/iglesiapalabrapura.com\/site\/wp-json\/wp\/v2\/types\/product"}],"replies":[{"embeddable":true,"href":"https:\/\/iglesiapalabrapura.com\/site\/wp-json\/wp\/v2\/comments?post=40396"}],"wp:featuredmedia":[{"embeddable":true,"href":"https:\/\/iglesiapalabrapura.com\/site\/wp-json\/wp\/v2\/media\/40828"}],"wp:attachment":[{"href":"https:\/\/iglesiapalabrapura.com\/site\/wp-json\/wp\/v2\/media?parent=40396"}],"wp:term":[{"taxonomy":"product_cat","embeddable":true,"href":"https:\/\/iglesiapalabrapura.com\/site\/wp-json\/wp\/v2\/product_cat?post=40396"},{"taxonomy":"product_tag","embeddable":true,"href":"https:\/\/iglesiapalabrapura.com\/site\/wp-json\/wp\/v2\/product_tag?post=40396"}],"curies":[{"name":"wp","href":"https:\/\/api.w.org\/{rel}","templated":true}]}}