{"id":40430,"date":"2024-06-25T12:04:11","date_gmt":"2024-06-25T17:04:11","guid":{"rendered":"https:\/\/iglesiapalabrapura.com\/site\/?post_type=product&#038;p=40430"},"modified":"2025-06-20T15:12:16","modified_gmt":"2025-06-20T20:12:16","slug":"esto-manda-y-ensena-1-timoteo-411","status":"publish","type":"product","link":"https:\/\/iglesiapalabrapura.com\/site\/product\/esto-manda-y-ensena-1-timoteo-411\/","title":{"rendered":"Esto Manda y Ense\u00f1a (1 Timoteo 4:11)"},"content":{"rendered":"","protected":false},"excerpt":{"rendered":"<p>\u00bfQu\u00e9 hace falta para que se d\u00e9 la transformaci\u00f3n en la vida de una persona? \u00bfQu\u00e9 hace la diferencia entre alguien que calienta la silla y alguien que aprende? En esta ense\u00f1anza el Pastor Rafael Lemes nos ense\u00f1a los ingredientes que te ponen de un lado o del otro en esta ecuaci\u00f3n.<\/p>\n<p>ENSE\u00d1ANZA DEL 2018<\/p>\n","protected":false},"featured_media":40431,"comment_status":"open","ping_status":"closed","template":"","meta":[],"product_cat":[52,1182,840],"product_tag":[874,873,116,68,65],"class_list":{"0":"post-40430","1":"product","2":"type-product","3":"status-publish","4":"has-post-thumbnail","6":"product_cat-audioensenanza","7":"product_cat-por-autor-audioensenanza","8":"product_cat-rafael-lemes","9":"product_tag-1-timoteo-411","10":"product_tag-esto-manda-y-ensena","11":"product_tag-iglesia-palabra-pura","12":"product_tag-pastor-rafael","13":"product_tag-pastor-rafael-lemes","15":"first","16":"instock","17":"downloadable","18":"virtual","19":"purchasable","20":"product-type-simple"},"_links":{"self":[{"href":"https:\/\/iglesiapalabrapura.com\/site\/wp-json\/wp\/v2\/product\/40430","targetHints":{"allow":["GET"]}}],"collection":[{"href":"https:\/\/iglesiapalabrapura.com\/site\/wp-json\/wp\/v2\/product"}],"about":[{"href":"https:\/\/iglesiapalabrapura.com\/site\/wp-json\/wp\/v2\/types\/product"}],"replies":[{"embeddable":true,"href":"https:\/\/iglesiapalabrapura.com\/site\/wp-json\/wp\/v2\/comments?post=40430"}],"wp:featuredmedia":[{"embeddable":true,"href":"https:\/\/iglesiapalabrapura.com\/site\/wp-json\/wp\/v2\/media\/40431"}],"wp:attachment":[{"href":"https:\/\/iglesiapalabrapura.com\/site\/wp-json\/wp\/v2\/media?parent=40430"}],"wp:term":[{"taxonomy":"product_cat","embeddable":true,"href":"https:\/\/iglesiapalabrapura.com\/site\/wp-json\/wp\/v2\/product_cat?post=40430"},{"taxonomy":"product_tag","embeddable":true,"href":"https:\/\/iglesiapalabrapura.com\/site\/wp-json\/wp\/v2\/product_tag?post=40430"}],"curies":[{"name":"wp","href":"https:\/\/api.w.org\/{rel}","templated":true}]}}