{"id":40438,"date":"2024-06-25T12:31:41","date_gmt":"2024-06-25T17:31:41","guid":{"rendered":"https:\/\/iglesiapalabrapura.com\/site\/?post_type=product&#038;p=40438"},"modified":"2025-06-20T14:48:46","modified_gmt":"2025-06-20T19:48:46","slug":"esto-manda-y-ensena-1-timoteo-411-2","status":"publish","type":"product","link":"https:\/\/iglesiapalabrapura.com\/site\/product\/esto-manda-y-ensena-1-timoteo-411-2\/","title":{"rendered":"ESTO MANDA Y ENSE\u00d1A (1 Timoteo 4:11)"},"content":{"rendered":"","protected":false},"excerpt":{"rendered":"<p>\u00bfQu\u00e9 hace falta para que se d\u00e9 la transformaci\u00f3n en la vida de una persona? \u00bfQu\u00e9 hace la diferencia entre alguien que calienta la silla y alguien que aprende? En esta ense\u00f1anza el pastor Rafael Lemes nos ense\u00f1a los ingredientes que te ponen de un lado o del otro en esta ecuaci\u00f3n.<\/p>\n<p>&nbsp;<\/p>\n<p>Ense\u00f1anza del a\u00f1o 2018<\/p>\n","protected":false},"featured_media":40431,"comment_status":"open","ping_status":"closed","template":"","meta":[],"product_cat":[53,1183,860,1181,1180],"product_tag":[874,123,873,116,65],"class_list":{"0":"post-40438","1":"product","2":"type-product","3":"status-publish","4":"has-post-thumbnail","6":"product_cat-ensenanzavideo","7":"product_cat-obediencia","8":"product_cat-rafaellemes","9":"product_cat-por-autor-ensenanzavideo","10":"product_cat-por-tema","11":"product_tag-1-timoteo-411","12":"product_tag-ensenanza","13":"product_tag-esto-manda-y-ensena","14":"product_tag-iglesia-palabra-pura","15":"product_tag-pastor-rafael-lemes","17":"first","18":"instock","19":"downloadable","20":"virtual","21":"purchasable","22":"product-type-simple"},"_links":{"self":[{"href":"https:\/\/iglesiapalabrapura.com\/site\/wp-json\/wp\/v2\/product\/40438","targetHints":{"allow":["GET"]}}],"collection":[{"href":"https:\/\/iglesiapalabrapura.com\/site\/wp-json\/wp\/v2\/product"}],"about":[{"href":"https:\/\/iglesiapalabrapura.com\/site\/wp-json\/wp\/v2\/types\/product"}],"replies":[{"embeddable":true,"href":"https:\/\/iglesiapalabrapura.com\/site\/wp-json\/wp\/v2\/comments?post=40438"}],"wp:featuredmedia":[{"embeddable":true,"href":"https:\/\/iglesiapalabrapura.com\/site\/wp-json\/wp\/v2\/media\/40431"}],"wp:attachment":[{"href":"https:\/\/iglesiapalabrapura.com\/site\/wp-json\/wp\/v2\/media?parent=40438"}],"wp:term":[{"taxonomy":"product_cat","embeddable":true,"href":"https:\/\/iglesiapalabrapura.com\/site\/wp-json\/wp\/v2\/product_cat?post=40438"},{"taxonomy":"product_tag","embeddable":true,"href":"https:\/\/iglesiapalabrapura.com\/site\/wp-json\/wp\/v2\/product_tag?post=40438"}],"curies":[{"name":"wp","href":"https:\/\/api.w.org\/{rel}","templated":true}]}}