{"id":40559,"date":"2024-07-12T11:48:49","date_gmt":"2024-07-12T16:48:49","guid":{"rendered":"https:\/\/iglesiapalabrapura.com\/site\/?post_type=product&#038;p=40559"},"modified":"2025-07-04T09:54:48","modified_gmt":"2025-07-04T14:54:48","slug":"viviendo-los-salmos","status":"publish","type":"product","link":"https:\/\/iglesiapalabrapura.com\/site\/product\/viviendo-los-salmos\/","title":{"rendered":"Viviendo los Salmos"},"content":{"rendered":"","protected":false},"excerpt":{"rendered":"<p>Viviendo los Salmos. \u00c1nimo para toda la vida. Charles E. Swindoll nos recuerda que todos tenemos esos d\u00edas cuando peque\u00f1os problemas se convierten en crisis, cuando la duda empieza a sobrepasar la fe, cuando el cansancio nos golpea y la depresi\u00f3n pinta el mundo de negro\u2026 El autor nos lleva durante veintis\u00e9is semanas a explorar en la Palabra, temas tales como: el miedo a lo desconocido, el des\u00e1nimo y la preocupaci\u00f3n; c\u00f3mo tratar con personas dif\u00edciles, y qu\u00e9 hacer cuando Dios guarda silencio.<\/p>\n","protected":false},"featured_media":40560,"comment_status":"open","ping_status":"closed","template":"","meta":[],"product_cat":[1174,54,1171,1158,1159],"product_tag":[863,69,876],"class_list":{"0":"post-40559","1":"product","2":"type-product","3":"status-publish","4":"has-post-thumbnail","6":"product_cat-charles-r-swindoll","7":"product_cat-libros","8":"product_cat-por-autor","9":"product_cat-por-temas","10":"product_cat-vida-cristiana","11":"product_tag-charles-r-swindoll","12":"product_tag-libro","13":"product_tag-viviendo-los-salmos","15":"first","16":"outofstock","17":"shipping-taxable","18":"purchasable","19":"product-type-simple"},"_links":{"self":[{"href":"https:\/\/iglesiapalabrapura.com\/site\/wp-json\/wp\/v2\/product\/40559","targetHints":{"allow":["GET"]}}],"collection":[{"href":"https:\/\/iglesiapalabrapura.com\/site\/wp-json\/wp\/v2\/product"}],"about":[{"href":"https:\/\/iglesiapalabrapura.com\/site\/wp-json\/wp\/v2\/types\/product"}],"replies":[{"embeddable":true,"href":"https:\/\/iglesiapalabrapura.com\/site\/wp-json\/wp\/v2\/comments?post=40559"}],"wp:featuredmedia":[{"embeddable":true,"href":"https:\/\/iglesiapalabrapura.com\/site\/wp-json\/wp\/v2\/media\/40560"}],"wp:attachment":[{"href":"https:\/\/iglesiapalabrapura.com\/site\/wp-json\/wp\/v2\/media?parent=40559"}],"wp:term":[{"taxonomy":"product_cat","embeddable":true,"href":"https:\/\/iglesiapalabrapura.com\/site\/wp-json\/wp\/v2\/product_cat?post=40559"},{"taxonomy":"product_tag","embeddable":true,"href":"https:\/\/iglesiapalabrapura.com\/site\/wp-json\/wp\/v2\/product_tag?post=40559"}],"curies":[{"name":"wp","href":"https:\/\/api.w.org\/{rel}","templated":true}]}}