{"id":40561,"date":"2024-07-12T12:13:47","date_gmt":"2024-07-12T17:13:47","guid":{"rendered":"https:\/\/iglesiapalabrapura.com\/site\/?post_type=product&#038;p=40561"},"modified":"2025-10-17T11:10:06","modified_gmt":"2025-10-17T16:10:06","slug":"viviendo-los-proverbios-vision-para-el-diario-vivir","status":"publish","type":"product","link":"https:\/\/iglesiapalabrapura.com\/site\/product\/viviendo-los-proverbios-vision-para-el-diario-vivir\/","title":{"rendered":"Viviendo los Proverbios \/Visi\u00f3n Para El Diario Vivir"},"content":{"rendered":"","protected":false},"excerpt":{"rendered":"<div>Charles Swindoll, uno de los maestros b\u00edblicos m\u00e1s respetables, nos conduce en un viaje penetrante y profundo a trav\u00e9s del libro de los Proverbios para ayudarnos a descubrir esa sabidur\u00eda tan necesaria para sobrevivir los desaf\u00edos diarios que trae la vida.<\/div>\n<div><\/div>\n<div>Viviendo los Proverbios es un estudio profundo pero a la vez pr\u00e1ctico y lleno de sabidur\u00eda para esos tiempos vol\u00e1tiles. Cada p\u00e1gina refleja la experiencia de una vida dedicada a extraer las riquezas de los Proverbios.<\/div>\n<div><\/div>\n<div>Viviendo los Proverbios es un libro innovador. Esto lo convierte en un recurso muy apropiado para el lector del siglo XXI. Descubriremos el consejo sabio de Dios para enfrentar los afanes de la vida y encontraremos respuestas a preguntas como:<\/div>\n<div>\n<ul>\n<li>\u00bfC\u00f3mo puedo lidiar con las personas dif\u00edciles?<\/li>\n<li>\u00bfQu\u00e9 hacer cuando la tentaci\u00f3n nos sorprende?<\/li>\n<li>\u00bfC\u00f3mo aprender a confiar?<\/li>\n<li>\u00bfC\u00f3mo tener un matrimonio exitoso?<\/li>\n<li>\u00bfC\u00f3mo criar a hijos que amen a Dios?<\/li>\n<\/ul>\n<\/div>\n<div>Viviendo los Proverbios guiar\u00e1 a cada lector a vivir su vida al m\u00e1ximo y a vivir dentro de la gracia divina cuando los desaf\u00edos lleguen a su vida.<\/div>\n","protected":false},"featured_media":40562,"comment_status":"open","ping_status":"closed","template":"","meta":[],"product_cat":[1174,54,1171,1158,1159],"product_tag":[863,69,877,878],"class_list":{"0":"post-40561","1":"product","2":"type-product","3":"status-publish","4":"has-post-thumbnail","6":"product_cat-charles-r-swindoll","7":"product_cat-libros","8":"product_cat-por-autor","9":"product_cat-por-temas","10":"product_cat-vida-cristiana","11":"product_tag-charles-r-swindoll","12":"product_tag-libro","13":"product_tag-vision-para-el-diario-vivir","14":"product_tag-viviendo-los-proverbios","16":"first","17":"outofstock","18":"shipping-taxable","19":"purchasable","20":"product-type-simple"},"_links":{"self":[{"href":"https:\/\/iglesiapalabrapura.com\/site\/wp-json\/wp\/v2\/product\/40561","targetHints":{"allow":["GET"]}}],"collection":[{"href":"https:\/\/iglesiapalabrapura.com\/site\/wp-json\/wp\/v2\/product"}],"about":[{"href":"https:\/\/iglesiapalabrapura.com\/site\/wp-json\/wp\/v2\/types\/product"}],"replies":[{"embeddable":true,"href":"https:\/\/iglesiapalabrapura.com\/site\/wp-json\/wp\/v2\/comments?post=40561"}],"wp:featuredmedia":[{"embeddable":true,"href":"https:\/\/iglesiapalabrapura.com\/site\/wp-json\/wp\/v2\/media\/40562"}],"wp:attachment":[{"href":"https:\/\/iglesiapalabrapura.com\/site\/wp-json\/wp\/v2\/media?parent=40561"}],"wp:term":[{"taxonomy":"product_cat","embeddable":true,"href":"https:\/\/iglesiapalabrapura.com\/site\/wp-json\/wp\/v2\/product_cat?post=40561"},{"taxonomy":"product_tag","embeddable":true,"href":"https:\/\/iglesiapalabrapura.com\/site\/wp-json\/wp\/v2\/product_tag?post=40561"}],"curies":[{"name":"wp","href":"https:\/\/api.w.org\/{rel}","templated":true}]}}