{"id":40706,"date":"2024-08-11T05:00:58","date_gmt":"2024-08-11T10:00:58","guid":{"rendered":"https:\/\/iglesiapalabrapura.com\/site\/?post_type=product&#038;p=40706"},"modified":"2025-10-17T11:41:12","modified_gmt":"2025-10-17T16:41:12","slug":"jesucristo-tambien-vino-a-sanar-2","status":"publish","type":"product","link":"https:\/\/iglesiapalabrapura.com\/site\/product\/jesucristo-tambien-vino-a-sanar-2\/","title":{"rendered":"JESUCRISTO TAMBI\u00c9N VINO A SANAR"},"content":{"rendered":"","protected":false},"excerpt":{"rendered":"<p>No permitas que ning\u00fan s\u00edntoma en tu cuerpo o malas ense\u00f1anzas de vers\u00edculos sacados de contexto, se pongan por encima de lo que Escrito Est\u00e1 respecto a Jesucristo y Su Obra Terminada. Determina qu\u00e9 debe gobernar tu mente: si las mentiras de Satan\u00e1s o la Verdad innegable de la Palabra de Dios.<\/p>\n<p>En este libro encontrar\u00e1s el suficiente sustento B\u00edblico para que puedas tener la absoluta certeza de por qu\u00e9 puedes creer y confesar la Buena Voluntad de Dios para Sanarte.<\/p>\n","protected":false},"featured_media":40705,"comment_status":"open","ping_status":"closed","template":"","meta":[],"product_cat":[54,1171,1158,1201,891,1164],"product_tag":[886,69,65,887],"class_list":{"0":"post-40706","1":"product","2":"type-product","3":"status-publish","4":"has-post-thumbnail","6":"product_cat-libros","7":"product_cat-por-autor","8":"product_cat-por-temas","9":"product_cat-rafael-lemes-por-autor","10":"product_cat-rafaellemes-libros","11":"product_cat-sanidad","12":"product_tag-jesucristo-tambien-vino-a-sanar","13":"product_tag-libro","14":"product_tag-pastor-rafael-lemes","15":"product_tag-sanidad","17":"first","18":"instock","19":"shipping-taxable","20":"purchasable","21":"product-type-simple"},"_links":{"self":[{"href":"https:\/\/iglesiapalabrapura.com\/site\/wp-json\/wp\/v2\/product\/40706","targetHints":{"allow":["GET"]}}],"collection":[{"href":"https:\/\/iglesiapalabrapura.com\/site\/wp-json\/wp\/v2\/product"}],"about":[{"href":"https:\/\/iglesiapalabrapura.com\/site\/wp-json\/wp\/v2\/types\/product"}],"replies":[{"embeddable":true,"href":"https:\/\/iglesiapalabrapura.com\/site\/wp-json\/wp\/v2\/comments?post=40706"}],"wp:featuredmedia":[{"embeddable":true,"href":"https:\/\/iglesiapalabrapura.com\/site\/wp-json\/wp\/v2\/media\/40705"}],"wp:attachment":[{"href":"https:\/\/iglesiapalabrapura.com\/site\/wp-json\/wp\/v2\/media?parent=40706"}],"wp:term":[{"taxonomy":"product_cat","embeddable":true,"href":"https:\/\/iglesiapalabrapura.com\/site\/wp-json\/wp\/v2\/product_cat?post=40706"},{"taxonomy":"product_tag","embeddable":true,"href":"https:\/\/iglesiapalabrapura.com\/site\/wp-json\/wp\/v2\/product_tag?post=40706"}],"curies":[{"name":"wp","href":"https:\/\/api.w.org\/{rel}","templated":true}]}}