{"id":40827,"date":"2024-09-06T09:47:07","date_gmt":"2024-09-06T14:47:07","guid":{"rendered":"https:\/\/iglesiapalabrapura.com\/site\/?post_type=product&#038;p=40827"},"modified":"2025-06-20T14:50:43","modified_gmt":"2025-06-20T19:50:43","slug":"recuerda-y-obedece-serie-video","status":"publish","type":"product","link":"https:\/\/iglesiapalabrapura.com\/site\/product\/recuerda-y-obedece-serie-video\/","title":{"rendered":"RECUERDA Y OBEDECE (SERIE-VIDEO)"},"content":{"rendered":"","protected":false},"excerpt":{"rendered":"<div>El pasado est\u00e1 marcado por experiencias en las que, sin lugar a dudas, dios ha mostrado su Gracia y misericordia, sin embargo, muchos se quedan en el pasado sin lograr ning\u00fan progreso en sus vidas; lo \u00fanico que usted debe conservar del pasado es lo que Dios hizo para ayudarlo y avanzar con la firme intenci\u00f3n de obedecerlo. Nunca olvide lo bueno que Dios ha sido con usted sin dejar de hacer lo que \u00c9l ha ordenado en Su Palabra.<\/div>\n<div><\/div>\n<div>Ense\u00f1anzas del 2023<\/div>\n","protected":false},"featured_media":40817,"comment_status":"open","ping_status":"closed","template":"","meta":[],"product_cat":[53,1184,1183,860,1181,1180],"product_tag":[116,65,904,120],"class_list":{"0":"post-40827","1":"product","2":"type-product","3":"status-publish","4":"has-post-thumbnail","6":"product_cat-ensenanzavideo","7":"product_cat-fe-por-tema","8":"product_cat-obediencia","9":"product_cat-rafaellemes","10":"product_cat-por-autor-ensenanzavideo","11":"product_cat-por-tema","12":"product_tag-iglesia-palabra-pura","13":"product_tag-pastor-rafael-lemes","14":"product_tag-recuerda-y-obedece","15":"product_tag-serie","17":"first","18":"instock","19":"downloadable","20":"virtual","21":"purchasable","22":"product-type-simple"},"_links":{"self":[{"href":"https:\/\/iglesiapalabrapura.com\/site\/wp-json\/wp\/v2\/product\/40827","targetHints":{"allow":["GET"]}}],"collection":[{"href":"https:\/\/iglesiapalabrapura.com\/site\/wp-json\/wp\/v2\/product"}],"about":[{"href":"https:\/\/iglesiapalabrapura.com\/site\/wp-json\/wp\/v2\/types\/product"}],"replies":[{"embeddable":true,"href":"https:\/\/iglesiapalabrapura.com\/site\/wp-json\/wp\/v2\/comments?post=40827"}],"wp:featuredmedia":[{"embeddable":true,"href":"https:\/\/iglesiapalabrapura.com\/site\/wp-json\/wp\/v2\/media\/40817"}],"wp:attachment":[{"href":"https:\/\/iglesiapalabrapura.com\/site\/wp-json\/wp\/v2\/media?parent=40827"}],"wp:term":[{"taxonomy":"product_cat","embeddable":true,"href":"https:\/\/iglesiapalabrapura.com\/site\/wp-json\/wp\/v2\/product_cat?post=40827"},{"taxonomy":"product_tag","embeddable":true,"href":"https:\/\/iglesiapalabrapura.com\/site\/wp-json\/wp\/v2\/product_tag?post=40827"}],"curies":[{"name":"wp","href":"https:\/\/api.w.org\/{rel}","templated":true}]}}