{"id":41238,"date":"2024-10-25T10:16:55","date_gmt":"2024-10-25T15:16:55","guid":{"rendered":"https:\/\/iglesiapalabrapura.com\/site\/?post_type=product&#038;p=41238"},"modified":"2025-07-04T09:53:53","modified_gmt":"2025-07-04T14:53:53","slug":"hijos-que-prosperan","status":"publish","type":"product","link":"https:\/\/iglesiapalabrapura.com\/site\/product\/hijos-que-prosperan\/","title":{"rendered":"Hijos que Prosperan"},"content":{"rendered":"","protected":false},"excerpt":{"rendered":"<p>Sobre la base de la importancia de llevar a los hijos por el camino de la prosperidad integral, el autor presenta un mapa, una gu\u00eda, una br\u00fajula para los padres, y hace \u00e9nfasis en que el trabajo debe comenzar desde la ni\u00f1ez.<\/p>\n<p>A manera de temas o cap\u00edtulos explica una lista de doce caracter\u00edsticas que los hijos deben poseer para as\u00ed alcanzar la prosperidad integral. Estas son: la responsabilidad personal, el amor al trabajo, la perseverancia, el orden, la moderaci\u00f3n, el ahorro, el amor a la libertad, la humildad, la integridad personal, el respeto a Dios y al pr\u00f3jimo, la generosidad y, finalmente, la sabidur\u00eda y el crecimiento continuo.<\/p>\n<p>Para explicar estas caracter\u00edsticas, el autor sigue el mismo formato: presenta una historia ejemplificativa del tema que se va a tratar, hace preguntas para pensar en familia, presenta principios de vida, y al final coloca actividades practicas para educar a nuestros hijos y ensenarlos a ser mas sabios.<\/p>\n<p>Por ultimo, explica el concepto de prosperidad integral, que no se circunscribe a la esfera econ\u00f3mica, sino a todas las \u00e1reas de la vida: el negocio, las finanzas, el trabajo, la relaci\u00f3n de pareja, los hijos, etc.<\/p>\n<p>Con la lectura de este libro, el lector obtendr\u00e1 las herramientas para encauzar a sus hijos hacia la prosperidad integral, para animarlos a que tengan su Norte claro en cuanto a lo \u00e9tico y moral, y a que se enfoquen en adquirir sabidur\u00eda por sobre la inteligencia.<\/p>\n","protected":false},"featured_media":41239,"comment_status":"open","ping_status":"closed","template":"","meta":[],"product_cat":[54,1165,1158],"product_tag":[917,918,69],"class_list":{"0":"post-41238","1":"product","2":"type-product","3":"status-publish","4":"has-post-thumbnail","6":"product_cat-libros","7":"product_cat-matrimonio","8":"product_cat-por-temas","9":"product_tag-andres-panasiuk","10":"product_tag-hijos-que-prosperan","11":"product_tag-libro","13":"first","14":"outofstock","15":"shipping-taxable","16":"purchasable","17":"product-type-simple"},"_links":{"self":[{"href":"https:\/\/iglesiapalabrapura.com\/site\/wp-json\/wp\/v2\/product\/41238","targetHints":{"allow":["GET"]}}],"collection":[{"href":"https:\/\/iglesiapalabrapura.com\/site\/wp-json\/wp\/v2\/product"}],"about":[{"href":"https:\/\/iglesiapalabrapura.com\/site\/wp-json\/wp\/v2\/types\/product"}],"replies":[{"embeddable":true,"href":"https:\/\/iglesiapalabrapura.com\/site\/wp-json\/wp\/v2\/comments?post=41238"}],"wp:featuredmedia":[{"embeddable":true,"href":"https:\/\/iglesiapalabrapura.com\/site\/wp-json\/wp\/v2\/media\/41239"}],"wp:attachment":[{"href":"https:\/\/iglesiapalabrapura.com\/site\/wp-json\/wp\/v2\/media?parent=41238"}],"wp:term":[{"taxonomy":"product_cat","embeddable":true,"href":"https:\/\/iglesiapalabrapura.com\/site\/wp-json\/wp\/v2\/product_cat?post=41238"},{"taxonomy":"product_tag","embeddable":true,"href":"https:\/\/iglesiapalabrapura.com\/site\/wp-json\/wp\/v2\/product_tag?post=41238"}],"curies":[{"name":"wp","href":"https:\/\/api.w.org\/{rel}","templated":true}]}}