{"id":41240,"date":"2024-10-25T10:24:25","date_gmt":"2024-10-25T15:24:25","guid":{"rendered":"https:\/\/iglesiapalabrapura.com\/site\/?post_type=product&#038;p=41240"},"modified":"2025-06-20T11:32:13","modified_gmt":"2025-06-20T16:32:13","slug":"el-reto-de-criar-a-tus-hijos-en-un-mundo-tecnologico","status":"publish","type":"product","link":"https:\/\/iglesiapalabrapura.com\/site\/product\/el-reto-de-criar-a-tus-hijos-en-un-mundo-tecnologico\/","title":{"rendered":"El reto de criar a tus hijos en un mundo tecnol\u00f3gico"},"content":{"rendered":"","protected":false},"excerpt":{"rendered":"<div>No existe tel\u00e9fono, tableta o dispositivo de juego que puede ense\u00f1ar a tu hijo a tener relaciones saludables; solo t\u00fa puedes hacerlo. El reto de criar a tus hijos en un mundo tecnol\u00f3gico te ayudar\u00e1 a:<\/div>\n<div><\/div>\n<div>\n<ul>\n<li>Capacitar a tu hijo para relacionarse mejor con otras personas en un mundo digital<\/li>\n<li>Reemplazar tiempo sin sentido delante de una pantalla por tiempo significativo con la familia<\/li>\n<li>Establecer l\u00edmites sencillos que hacen una gran diferencia<\/li>\n<li>Saber lo que funciona para otras familias que han enfrentado el reto con \u00e9xito<\/li>\n<li>Preparar a tu hijo para tener \u00e9xito m\u00e1s adelante en sus relaciones y en su vida<\/li>\n<li>Aprender formas saludables de entretener a tu hijo mientras haces tus cosas<\/li>\n<\/ul>\n<\/div>\n","protected":false},"featured_media":41241,"comment_status":"open","ping_status":"closed","template":"","meta":[],"product_cat":[843,54,1165,1171,1158],"product_tag":[919,69],"class_list":{"0":"post-41240","1":"product","2":"type-product","3":"status-publish","4":"has-post-thumbnail","6":"product_cat-garychapman","7":"product_cat-libros","8":"product_cat-matrimonio","9":"product_cat-por-autor","10":"product_cat-por-temas","11":"product_tag-el-reto-de-criar-a-tus-hijos-en-un-mundo-tecnologico","12":"product_tag-libro","14":"first","15":"outofstock","16":"shipping-taxable","17":"purchasable","18":"product-type-simple"},"_links":{"self":[{"href":"https:\/\/iglesiapalabrapura.com\/site\/wp-json\/wp\/v2\/product\/41240","targetHints":{"allow":["GET"]}}],"collection":[{"href":"https:\/\/iglesiapalabrapura.com\/site\/wp-json\/wp\/v2\/product"}],"about":[{"href":"https:\/\/iglesiapalabrapura.com\/site\/wp-json\/wp\/v2\/types\/product"}],"replies":[{"embeddable":true,"href":"https:\/\/iglesiapalabrapura.com\/site\/wp-json\/wp\/v2\/comments?post=41240"}],"wp:featuredmedia":[{"embeddable":true,"href":"https:\/\/iglesiapalabrapura.com\/site\/wp-json\/wp\/v2\/media\/41241"}],"wp:attachment":[{"href":"https:\/\/iglesiapalabrapura.com\/site\/wp-json\/wp\/v2\/media?parent=41240"}],"wp:term":[{"taxonomy":"product_cat","embeddable":true,"href":"https:\/\/iglesiapalabrapura.com\/site\/wp-json\/wp\/v2\/product_cat?post=41240"},{"taxonomy":"product_tag","embeddable":true,"href":"https:\/\/iglesiapalabrapura.com\/site\/wp-json\/wp\/v2\/product_tag?post=41240"}],"curies":[{"name":"wp","href":"https:\/\/api.w.org\/{rel}","templated":true}]}}