{"id":41242,"date":"2024-10-25T10:33:39","date_gmt":"2024-10-25T15:33:39","guid":{"rendered":"https:\/\/iglesiapalabrapura.com\/site\/?post_type=product&#038;p=41242"},"modified":"2025-06-20T11:31:26","modified_gmt":"2025-06-20T16:31:26","slug":"la-crianza-de-los-hijos-de-sobrevivir-a-prosperar","status":"publish","type":"product","link":"https:\/\/iglesiapalabrapura.com\/site\/product\/la-crianza-de-los-hijos-de-sobrevivir-a-prosperar\/","title":{"rendered":"La crianza de los hijos: De sobrevivir a prosperar"},"content":{"rendered":"","protected":false},"excerpt":{"rendered":"<p>Criar hijos es como una enorme monta\u00f1a rusa, en un momento est\u00e1 pasando calmadamente sobre una superficie plana, silbando una melod\u00eda alegre; al siguiente momento se est\u00e1 agarrando de donde sea con todas sus fuerzas y gritando a toda voz mientras su vida cae en picada hasta el fondo. Es una aventura que de seguro lo dejar\u00e1 p\u00e1lido, pero tambi\u00e9n es la tarea que m\u00e1s recompensa y la m\u00e1s gratificante que jam\u00e1s tendr\u00e1.<\/p>\n<p>La crianza de los hijos: de sobrevivir a prosperar incluye temas como:<\/p>\n<ul>\n<li>Entienda c\u00f3mo fue creado su hijo<\/li>\n<li>Establezca una vida de dominio propio<\/li>\n<li>Vea por qu\u00e9 los hijos pasan del resentimiento a la rebeli\u00f3n<\/li>\n<li>Cultive una vida de autoestima<\/li>\n<li>Y el secreto mejor guardado de la sabia crianza de los hijos<\/li>\n<\/ul>\n","protected":false},"featured_media":41243,"comment_status":"open","ping_status":"closed","template":"","meta":[],"product_cat":[1174,1163,54,1165,1171,1158],"product_tag":[863,920,69],"class_list":{"0":"post-41242","1":"product","2":"type-product","3":"status-publish","4":"has-post-thumbnail","6":"product_cat-charles-r-swindoll","7":"product_cat-finanzas-por-temas","8":"product_cat-libros","9":"product_cat-matrimonio","10":"product_cat-por-autor","11":"product_cat-por-temas","12":"product_tag-charles-r-swindoll","13":"product_tag-la-crianza-de-los-hijos-de-sobrevivir-a-prosperar","14":"product_tag-libro","16":"first","17":"instock","18":"shipping-taxable","19":"purchasable","20":"product-type-simple"},"_links":{"self":[{"href":"https:\/\/iglesiapalabrapura.com\/site\/wp-json\/wp\/v2\/product\/41242","targetHints":{"allow":["GET"]}}],"collection":[{"href":"https:\/\/iglesiapalabrapura.com\/site\/wp-json\/wp\/v2\/product"}],"about":[{"href":"https:\/\/iglesiapalabrapura.com\/site\/wp-json\/wp\/v2\/types\/product"}],"replies":[{"embeddable":true,"href":"https:\/\/iglesiapalabrapura.com\/site\/wp-json\/wp\/v2\/comments?post=41242"}],"wp:featuredmedia":[{"embeddable":true,"href":"https:\/\/iglesiapalabrapura.com\/site\/wp-json\/wp\/v2\/media\/41243"}],"wp:attachment":[{"href":"https:\/\/iglesiapalabrapura.com\/site\/wp-json\/wp\/v2\/media?parent=41242"}],"wp:term":[{"taxonomy":"product_cat","embeddable":true,"href":"https:\/\/iglesiapalabrapura.com\/site\/wp-json\/wp\/v2\/product_cat?post=41242"},{"taxonomy":"product_tag","embeddable":true,"href":"https:\/\/iglesiapalabrapura.com\/site\/wp-json\/wp\/v2\/product_tag?post=41242"}],"curies":[{"name":"wp","href":"https:\/\/api.w.org\/{rel}","templated":true}]}}