{"id":41313,"date":"2024-11-10T05:00:43","date_gmt":"2024-11-10T10:00:43","guid":{"rendered":"https:\/\/iglesiapalabrapura.com\/site\/?post_type=product&#038;p=41313"},"modified":"2025-06-20T15:11:00","modified_gmt":"2025-06-20T20:11:00","slug":"sanson-serie","status":"publish","type":"product","link":"https:\/\/iglesiapalabrapura.com\/site\/product\/sanson-serie\/","title":{"rendered":"Sans\u00f3n (Serie)"},"content":{"rendered":"","protected":false},"excerpt":{"rendered":"<div>El plan de Dios, en todas las cosas, es infalible; es el hombre quien falla en su intento por alcanzar aquello que desea por sus propios medios, como es el caso de Sans\u00f3n. En esta serie la Pastora Adriana Lemes, nos muestra no s\u00f3lo a su Hijo Jesucristo, nuestro Salvador, sino tambi\u00e9n su misericordia cuando el hombre, despu\u00e9s de haber elegido su propio camino, se arrepiente y reconoce su dependencia de Dios.<\/div>\n<div><\/div>\n<div>Ense\u00f1anzas del 2023<\/div>\n","protected":false},"featured_media":41314,"comment_status":"open","ping_status":"closed","template":"","meta":[],"product_cat":[52,841,1182],"product_tag":[116,62,922,120],"class_list":{"0":"post-41313","1":"product","2":"type-product","3":"status-publish","4":"has-post-thumbnail","6":"product_cat-audioensenanza","7":"product_cat-adrianalemes","8":"product_cat-por-autor-audioensenanza","9":"product_tag-iglesia-palabra-pura","10":"product_tag-pastora-adriana-lemes","11":"product_tag-sanson","12":"product_tag-serie","14":"first","15":"instock","16":"downloadable","17":"virtual","18":"purchasable","19":"product-type-simple"},"_links":{"self":[{"href":"https:\/\/iglesiapalabrapura.com\/site\/wp-json\/wp\/v2\/product\/41313","targetHints":{"allow":["GET"]}}],"collection":[{"href":"https:\/\/iglesiapalabrapura.com\/site\/wp-json\/wp\/v2\/product"}],"about":[{"href":"https:\/\/iglesiapalabrapura.com\/site\/wp-json\/wp\/v2\/types\/product"}],"replies":[{"embeddable":true,"href":"https:\/\/iglesiapalabrapura.com\/site\/wp-json\/wp\/v2\/comments?post=41313"}],"wp:featuredmedia":[{"embeddable":true,"href":"https:\/\/iglesiapalabrapura.com\/site\/wp-json\/wp\/v2\/media\/41314"}],"wp:attachment":[{"href":"https:\/\/iglesiapalabrapura.com\/site\/wp-json\/wp\/v2\/media?parent=41313"}],"wp:term":[{"taxonomy":"product_cat","embeddable":true,"href":"https:\/\/iglesiapalabrapura.com\/site\/wp-json\/wp\/v2\/product_cat?post=41313"},{"taxonomy":"product_tag","embeddable":true,"href":"https:\/\/iglesiapalabrapura.com\/site\/wp-json\/wp\/v2\/product_tag?post=41313"}],"curies":[{"name":"wp","href":"https:\/\/api.w.org\/{rel}","templated":true}]}}