{"id":41325,"date":"2024-11-07T15:51:29","date_gmt":"2024-11-07T20:51:29","guid":{"rendered":"https:\/\/iglesiapalabrapura.com\/site\/?post_type=product&#038;p=41325"},"modified":"2025-06-20T15:11:11","modified_gmt":"2025-06-20T20:11:11","slug":"historia-de-2000-anos-de-la-dispensacion-de-la-iglesia-serie","status":"publish","type":"product","link":"https:\/\/iglesiapalabrapura.com\/site\/product\/historia-de-2000-anos-de-la-dispensacion-de-la-iglesia-serie\/","title":{"rendered":"HISTORIA DE 2000 A\u00d1OS DE LA DISPENSACI\u00d3N DE LA IGLESIA (SERIE)"},"content":{"rendered":"","protected":false},"excerpt":{"rendered":"<div>Un Imperdible de la biblioteca de la Iglesia, nuestra Pastora Adriana Lemes nos lleva en un recorrido hist\u00f3rico Impresionante, Desde pentecost\u00e9s al fin de la persecuci\u00f3n en los primeros siglos, del nacimiento de mahoma a la batalla de Tours. En este recorrido nos trae desde la zona Cero, durante 3 servicios hasta la iglesia contempor\u00e1nea<\/div>\n<div><\/div>\n<div>Ense\u00f1anzas del 2019<\/div>\n","protected":false},"featured_media":37717,"comment_status":"open","ping_status":"closed","template":"","meta":[],"product_cat":[52,841,1182],"product_tag":[694,116,62,120],"class_list":{"0":"post-41325","1":"product","2":"type-product","3":"status-publish","4":"has-post-thumbnail","6":"product_cat-audioensenanza","7":"product_cat-adrianalemes","8":"product_cat-por-autor-audioensenanza","9":"product_tag-historia-de-2000-anos-de-la-dispensacion-de-la-iglesia","10":"product_tag-iglesia-palabra-pura","11":"product_tag-pastora-adriana-lemes","12":"product_tag-serie","14":"first","15":"instock","16":"downloadable","17":"virtual","18":"purchasable","19":"product-type-simple"},"_links":{"self":[{"href":"https:\/\/iglesiapalabrapura.com\/site\/wp-json\/wp\/v2\/product\/41325","targetHints":{"allow":["GET"]}}],"collection":[{"href":"https:\/\/iglesiapalabrapura.com\/site\/wp-json\/wp\/v2\/product"}],"about":[{"href":"https:\/\/iglesiapalabrapura.com\/site\/wp-json\/wp\/v2\/types\/product"}],"replies":[{"embeddable":true,"href":"https:\/\/iglesiapalabrapura.com\/site\/wp-json\/wp\/v2\/comments?post=41325"}],"wp:featuredmedia":[{"embeddable":true,"href":"https:\/\/iglesiapalabrapura.com\/site\/wp-json\/wp\/v2\/media\/37717"}],"wp:attachment":[{"href":"https:\/\/iglesiapalabrapura.com\/site\/wp-json\/wp\/v2\/media?parent=41325"}],"wp:term":[{"taxonomy":"product_cat","embeddable":true,"href":"https:\/\/iglesiapalabrapura.com\/site\/wp-json\/wp\/v2\/product_cat?post=41325"},{"taxonomy":"product_tag","embeddable":true,"href":"https:\/\/iglesiapalabrapura.com\/site\/wp-json\/wp\/v2\/product_tag?post=41325"}],"curies":[{"name":"wp","href":"https:\/\/api.w.org\/{rel}","templated":true}]}}