{"id":41345,"date":"2024-11-12T15:13:32","date_gmt":"2024-11-12T20:13:32","guid":{"rendered":"https:\/\/iglesiapalabrapura.com\/site\/?post_type=product&#038;p=41345"},"modified":"2025-06-20T15:10:50","modified_gmt":"2025-06-20T20:10:50","slug":"tierra-prometida-promesa-cumplida-la-yihad-islamica","status":"publish","type":"product","link":"https:\/\/iglesiapalabrapura.com\/site\/product\/tierra-prometida-promesa-cumplida-la-yihad-islamica\/","title":{"rendered":"TIERRA PROMETIDA PROMESA CUMPLIDA (LA YIHAD ISL\u00c1MICA)"},"content":{"rendered":"","protected":false},"excerpt":{"rendered":"<p>Como bien sabemos, Israel es el pueblo elegido de Dios y que est\u00e1 en sus planes desde G\u00e9nesis hasta Apocalipsis, pero tambi\u00e9n es cierto que el enemigo, siempre ha querido entorpecer esos planes, en su intento por desaparecer a Israel. En la serie, La Yihad Isl\u00e1mica, nuestra Pastora Adriana Lemes nos muestra, de qu\u00e9 manera esta doctrina a tratado, siglo tras siglo, de destruir el pueblo de Dios, pero asimismo veremos c\u00f3mo Dios, en su misericordia y en cumplimiento a sus promesas respecto de Israel, lo ha guardado y lo har\u00e1 hasta el final.<\/p>\n<p>Ense\u00f1anza del a\u00f1o 2024<\/p>\n","protected":false},"featured_media":41346,"comment_status":"open","ping_status":"closed","template":"","meta":[],"product_cat":[52,841,1182],"product_tag":[116,923,62,120,924],"class_list":{"0":"post-41345","1":"product","2":"type-product","3":"status-publish","4":"has-post-thumbnail","6":"product_cat-audioensenanza","7":"product_cat-adrianalemes","8":"product_cat-por-autor-audioensenanza","9":"product_tag-iglesia-palabra-pura","10":"product_tag-la-yihad-islamica","11":"product_tag-pastora-adriana-lemes","12":"product_tag-serie","13":"product_tag-tierra-prometida-promesa-cumplida","15":"first","16":"instock","17":"downloadable","18":"virtual","19":"purchasable","20":"product-type-simple"},"_links":{"self":[{"href":"https:\/\/iglesiapalabrapura.com\/site\/wp-json\/wp\/v2\/product\/41345","targetHints":{"allow":["GET"]}}],"collection":[{"href":"https:\/\/iglesiapalabrapura.com\/site\/wp-json\/wp\/v2\/product"}],"about":[{"href":"https:\/\/iglesiapalabrapura.com\/site\/wp-json\/wp\/v2\/types\/product"}],"replies":[{"embeddable":true,"href":"https:\/\/iglesiapalabrapura.com\/site\/wp-json\/wp\/v2\/comments?post=41345"}],"wp:featuredmedia":[{"embeddable":true,"href":"https:\/\/iglesiapalabrapura.com\/site\/wp-json\/wp\/v2\/media\/41346"}],"wp:attachment":[{"href":"https:\/\/iglesiapalabrapura.com\/site\/wp-json\/wp\/v2\/media?parent=41345"}],"wp:term":[{"taxonomy":"product_cat","embeddable":true,"href":"https:\/\/iglesiapalabrapura.com\/site\/wp-json\/wp\/v2\/product_cat?post=41345"},{"taxonomy":"product_tag","embeddable":true,"href":"https:\/\/iglesiapalabrapura.com\/site\/wp-json\/wp\/v2\/product_tag?post=41345"}],"curies":[{"name":"wp","href":"https:\/\/api.w.org\/{rel}","templated":true}]}}