{"id":41508,"date":"2024-12-04T17:12:19","date_gmt":"2024-12-04T22:12:19","guid":{"rendered":"https:\/\/iglesiapalabrapura.com\/site\/?post_type=product&#038;p=41508"},"modified":"2025-06-20T15:03:29","modified_gmt":"2025-06-20T20:03:29","slug":"la-sangre-de-jesus-en-el-cielo-video","status":"publish","type":"product","link":"https:\/\/iglesiapalabrapura.com\/site\/product\/la-sangre-de-jesus-en-el-cielo-video\/","title":{"rendered":"La Sangre de Jes\u00fas en el Cielo (Video)"},"content":{"rendered":"","protected":false},"excerpt":{"rendered":"<p>La Resurrecci\u00f3n es el fundamento del Cristianismo, por lo tanto, sin Resurrecci\u00f3n no habr\u00eda esperanza sino un destino de muerte eterna como consecuencia del pecado de Ad\u00e1n, pero Gloria a Dios, su Hijo Jesucristo se entreg\u00f3 as\u00ed mismo para que toda la humanidad sea resucitada. A trav\u00e9s de est\u00e1 ense\u00f1anza, la Pastora Adriana Lemes responde a preguntas como: \u00bfPor qu\u00e9 satan\u00e1s siendo expulsado del cielo, sigui\u00f3 present\u00e1ndose ante el trono de Dios? \u00bfQu\u00e9 hizo Jesucristo cuando se present\u00f3 ante el Padre, una vez resucit\u00f3? El enemigo ya no nos puede acusar a los que estamos en Cristo, gracias a su sangre, derramada tanto en la tierra como en el cielo.<\/p>\n<p>Ense\u00f1anza del a\u00f1o 2023 (Domingo de Resurrecci\u00f3n)<\/p>\n<p>&nbsp;<\/p>\n","protected":false},"featured_media":41525,"comment_status":"open","ping_status":"closed","template":"","meta":[],"product_cat":[53,859,1181],"product_tag":[932,123,116,938,62],"class_list":{"0":"post-41508","1":"product","2":"type-product","3":"status-publish","4":"has-post-thumbnail","6":"product_cat-ensenanzavideo","7":"product_cat-adrianalemes-ensenanzavideo","8":"product_cat-por-autor-ensenanzavideo","9":"product_tag-domingo-de-resurreccion-2023","10":"product_tag-ensenanza","11":"product_tag-iglesia-palabra-pura","12":"product_tag-la-sangre-de-jesus-en-el-cielo","13":"product_tag-pastora-adriana-lemes","15":"first","16":"instock","17":"downloadable","18":"virtual","19":"purchasable","20":"product-type-simple"},"_links":{"self":[{"href":"https:\/\/iglesiapalabrapura.com\/site\/wp-json\/wp\/v2\/product\/41508","targetHints":{"allow":["GET"]}}],"collection":[{"href":"https:\/\/iglesiapalabrapura.com\/site\/wp-json\/wp\/v2\/product"}],"about":[{"href":"https:\/\/iglesiapalabrapura.com\/site\/wp-json\/wp\/v2\/types\/product"}],"replies":[{"embeddable":true,"href":"https:\/\/iglesiapalabrapura.com\/site\/wp-json\/wp\/v2\/comments?post=41508"}],"wp:featuredmedia":[{"embeddable":true,"href":"https:\/\/iglesiapalabrapura.com\/site\/wp-json\/wp\/v2\/media\/41525"}],"wp:attachment":[{"href":"https:\/\/iglesiapalabrapura.com\/site\/wp-json\/wp\/v2\/media?parent=41508"}],"wp:term":[{"taxonomy":"product_cat","embeddable":true,"href":"https:\/\/iglesiapalabrapura.com\/site\/wp-json\/wp\/v2\/product_cat?post=41508"},{"taxonomy":"product_tag","embeddable":true,"href":"https:\/\/iglesiapalabrapura.com\/site\/wp-json\/wp\/v2\/product_tag?post=41508"}],"curies":[{"name":"wp","href":"https:\/\/api.w.org\/{rel}","templated":true}]}}