{"id":56194,"date":"2025-01-10T12:10:35","date_gmt":"2025-01-10T17:10:35","guid":{"rendered":"https:\/\/iglesiapalabrapura.com\/site\/?post_type=product&#038;p=56194"},"modified":"2025-10-17T11:45:18","modified_gmt":"2025-10-17T16:45:18","slug":"fe-mas-alla-de-la-razon","status":"publish","type":"product","link":"https:\/\/iglesiapalabrapura.com\/site\/product\/fe-mas-alla-de-la-razon\/","title":{"rendered":"Fe m\u00e1s all\u00e1 de la raz\u00f3n"},"content":{"rendered":"","protected":false},"excerpt":{"rendered":"<p>Fe m\u00e1s all\u00e1 de la raz\u00f3n\u00a0 Una colecci\u00f3n de sermones por A. W. Tozer que nos inspirar\u00e1 a explorar el reino donde las cosas son posibles \u00fanicamente con Dios. A. W. Tozer es considerado como \u00abun profeta del siglo XX\u00bb. Aunque muri\u00f3 en 1963, sus palabras son muy populares y le\u00eddas por millones de personas. Esta colecci\u00f3n, ahora disponible en espa\u00f1ol, inspirar\u00e1 a los cristianos a desarrollar una relaci\u00f3n m\u00e1s profunda con Dios.<\/p>\n<p>En\u00a0<em>Fe M\u00e1s All\u00e1 de la Raz\u00f3n<\/em>\u00a0A.W. Tozer echa un vistazo profundo al Evangelio de Juan. Desde all\u00ed, \u00e9l explora muchos misterios de la fe, como el Nacimiento Espiritual, la Resurrecci\u00f3n, la Conciencia Humana y m\u00e1s. Tozer te ayudar\u00e1 a obtener un sentido m\u00e1s claro de lo que significa la fe y a revelar el poder de Dios en tu vida.<\/p>\n","protected":false},"featured_media":56224,"comment_status":"open","ping_status":"closed","template":"","meta":[],"product_cat":[850,1162,54,1171,1158],"product_tag":[510,1061,1060,69],"class_list":{"0":"post-56194","1":"product","2":"type-product","3":"status-publish","4":"has-post-thumbnail","6":"product_cat-a-w-tozer","7":"product_cat-fe","8":"product_cat-libros","9":"product_cat-por-autor","10":"product_cat-por-temas","11":"product_tag-a-w-tozer","12":"product_tag-donde-solo-es-posible-con-dios","13":"product_tag-fe-mas-alla-de-la-razon","14":"product_tag-libro","16":"first","17":"instock","18":"shipping-taxable","19":"purchasable","20":"product-type-simple"},"_links":{"self":[{"href":"https:\/\/iglesiapalabrapura.com\/site\/wp-json\/wp\/v2\/product\/56194","targetHints":{"allow":["GET"]}}],"collection":[{"href":"https:\/\/iglesiapalabrapura.com\/site\/wp-json\/wp\/v2\/product"}],"about":[{"href":"https:\/\/iglesiapalabrapura.com\/site\/wp-json\/wp\/v2\/types\/product"}],"replies":[{"embeddable":true,"href":"https:\/\/iglesiapalabrapura.com\/site\/wp-json\/wp\/v2\/comments?post=56194"}],"wp:featuredmedia":[{"embeddable":true,"href":"https:\/\/iglesiapalabrapura.com\/site\/wp-json\/wp\/v2\/media\/56224"}],"wp:attachment":[{"href":"https:\/\/iglesiapalabrapura.com\/site\/wp-json\/wp\/v2\/media?parent=56194"}],"wp:term":[{"taxonomy":"product_cat","embeddable":true,"href":"https:\/\/iglesiapalabrapura.com\/site\/wp-json\/wp\/v2\/product_cat?post=56194"},{"taxonomy":"product_tag","embeddable":true,"href":"https:\/\/iglesiapalabrapura.com\/site\/wp-json\/wp\/v2\/product_tag?post=56194"}],"curies":[{"name":"wp","href":"https:\/\/api.w.org\/{rel}","templated":true}]}}