{"id":56221,"date":"2025-01-10T12:19:55","date_gmt":"2025-01-10T17:19:55","guid":{"rendered":"https:\/\/iglesiapalabrapura.com\/site\/?post_type=product&#038;p=56221"},"modified":"2025-06-20T12:07:08","modified_gmt":"2025-06-20T17:07:08","slug":"jesus-la-vida-mas-grande-de-todas","status":"publish","type":"product","link":"https:\/\/iglesiapalabrapura.com\/site\/product\/jesus-la-vida-mas-grande-de-todas\/","title":{"rendered":"Jes\u00fas: La vida m\u00e1s grande de todas"},"content":{"rendered":"","protected":false},"excerpt":{"rendered":"<p>Jes\u00fas, Hijo de Dios. Salvador de la humanidad. La vida m\u00e1s grande de todas. Jesucristo. \u00c9l es, sin lugar a dudas, la persona con m\u00e1s influencia en la historia. Millones de personas proclaman las verdades relacionadas con el nombre Jes\u00fas. Qui\u00e9n es exactamente Jes\u00fas? Un maestro religioso? Un antiguo m\u00e1rtir? Hoy d\u00eda muchos no est\u00e1n seguros. Aun los eruditos debaten si el Jes\u00fas de la historia es el Cristo de la fe. Ahora, m\u00e1s que nunca, necesitamos un entendimiento claro de la persona y la obra del que millones llaman su Salvador. Su nacimiento \u00fanico, su sorprendente poder, sus ense\u00f1anzas controversiales, su muerte brutal y su resurrecci\u00f3n poderosa y mucho m\u00e1s encontraremos en esta biograf\u00eda. Ya sea usted un curioso acerca de Jes\u00fas o un seguidor de mucho tiempo, experimentar\u00e1 la vida de Jes\u00fas en una manera diferente.<\/p>\n","protected":false},"featured_media":56223,"comment_status":"open","ping_status":"closed","template":"","meta":[],"product_cat":[1160,1174,1169,54,1171,1158],"product_tag":[863,271,1062,69],"class_list":{"0":"post-56221","1":"product","2":"type-product","3":"status-publish","4":"has-post-thumbnail","6":"product_cat-biografias","7":"product_cat-charles-r-swindoll","8":"product_cat-jesus","9":"product_cat-libros","10":"product_cat-por-autor","11":"product_cat-por-temas","12":"product_tag-charles-r-swindoll","13":"product_tag-jesus","14":"product_tag-la-vida-mas-grande-de-todas","15":"product_tag-libro","17":"first","18":"instock","19":"shipping-taxable","20":"purchasable","21":"product-type-simple"},"_links":{"self":[{"href":"https:\/\/iglesiapalabrapura.com\/site\/wp-json\/wp\/v2\/product\/56221","targetHints":{"allow":["GET"]}}],"collection":[{"href":"https:\/\/iglesiapalabrapura.com\/site\/wp-json\/wp\/v2\/product"}],"about":[{"href":"https:\/\/iglesiapalabrapura.com\/site\/wp-json\/wp\/v2\/types\/product"}],"replies":[{"embeddable":true,"href":"https:\/\/iglesiapalabrapura.com\/site\/wp-json\/wp\/v2\/comments?post=56221"}],"wp:featuredmedia":[{"embeddable":true,"href":"https:\/\/iglesiapalabrapura.com\/site\/wp-json\/wp\/v2\/media\/56223"}],"wp:attachment":[{"href":"https:\/\/iglesiapalabrapura.com\/site\/wp-json\/wp\/v2\/media?parent=56221"}],"wp:term":[{"taxonomy":"product_cat","embeddable":true,"href":"https:\/\/iglesiapalabrapura.com\/site\/wp-json\/wp\/v2\/product_cat?post=56221"},{"taxonomy":"product_tag","embeddable":true,"href":"https:\/\/iglesiapalabrapura.com\/site\/wp-json\/wp\/v2\/product_tag?post=56221"}],"curies":[{"name":"wp","href":"https:\/\/api.w.org\/{rel}","templated":true}]}}