{"id":56225,"date":"2025-01-10T12:47:02","date_gmt":"2025-01-10T17:47:02","guid":{"rendered":"https:\/\/iglesiapalabrapura.com\/site\/?post_type=product&#038;p=56225"},"modified":"2025-07-16T14:24:58","modified_gmt":"2025-07-16T19:24:58","slug":"moises-un-hombre-de-dedicacion-total","status":"publish","type":"product","link":"https:\/\/iglesiapalabrapura.com\/site\/product\/moises-un-hombre-de-dedicacion-total\/","title":{"rendered":"Mois\u00e9s: Un Hombre de Dedicaci\u00f3n Total"},"content":{"rendered":"","protected":false},"excerpt":{"rendered":"<p>El predicador encontrar\u00e1 en este tomo una gran fuente de ideas para sermones sobre el libro de \u00c9xodo. Es un libro que se escribe sobre el Mois\u00e9s que trat\u00f3 de rechazar la tarea asignada por Dios; el hombre que deslumbr\u00f3 al fara\u00f3n; el que recibi\u00f3 los Diez Mandamientos; el que a veces fue desobediente y d\u00e9bil; el que fue el m\u00e1s grande l\u00edder del pueblo de Dios en toda la historia. El Mois\u00e9s de fe y dedicaci\u00f3n total a Dios.<\/p>\n","protected":false},"featured_media":56226,"comment_status":"open","ping_status":"closed","template":"","meta":[],"product_cat":[1160,54,1158],"product_tag":[863,69,1063,1064],"class_list":{"0":"post-56225","1":"product","2":"type-product","3":"status-publish","4":"has-post-thumbnail","6":"product_cat-biografias","7":"product_cat-libros","8":"product_cat-por-temas","9":"product_tag-charles-r-swindoll","10":"product_tag-libro","11":"product_tag-moises","12":"product_tag-un-hombre-de-dedicacion-total","14":"first","15":"instock","16":"shipping-taxable","17":"purchasable","18":"product-type-simple"},"_links":{"self":[{"href":"https:\/\/iglesiapalabrapura.com\/site\/wp-json\/wp\/v2\/product\/56225","targetHints":{"allow":["GET"]}}],"collection":[{"href":"https:\/\/iglesiapalabrapura.com\/site\/wp-json\/wp\/v2\/product"}],"about":[{"href":"https:\/\/iglesiapalabrapura.com\/site\/wp-json\/wp\/v2\/types\/product"}],"replies":[{"embeddable":true,"href":"https:\/\/iglesiapalabrapura.com\/site\/wp-json\/wp\/v2\/comments?post=56225"}],"wp:featuredmedia":[{"embeddable":true,"href":"https:\/\/iglesiapalabrapura.com\/site\/wp-json\/wp\/v2\/media\/56226"}],"wp:attachment":[{"href":"https:\/\/iglesiapalabrapura.com\/site\/wp-json\/wp\/v2\/media?parent=56225"}],"wp:term":[{"taxonomy":"product_cat","embeddable":true,"href":"https:\/\/iglesiapalabrapura.com\/site\/wp-json\/wp\/v2\/product_cat?post=56225"},{"taxonomy":"product_tag","embeddable":true,"href":"https:\/\/iglesiapalabrapura.com\/site\/wp-json\/wp\/v2\/product_tag?post=56225"}],"curies":[{"name":"wp","href":"https:\/\/api.w.org\/{rel}","templated":true}]}}