{"id":56227,"date":"2025-01-10T12:54:04","date_gmt":"2025-01-10T17:54:04","guid":{"rendered":"https:\/\/iglesiapalabrapura.com\/site\/?post_type=product&#038;p=56227"},"modified":"2025-06-20T09:42:04","modified_gmt":"2025-06-20T14:42:04","slug":"padre-de-huerfanos","status":"publish","type":"product","link":"https:\/\/iglesiapalabrapura.com\/site\/product\/padre-de-huerfanos\/","title":{"rendered":"Padre de Hu\u00e9rfanos"},"content":{"rendered":"","protected":false},"excerpt":{"rendered":"<p><em>Padre de Hu\u00e9rfanos: la vida de George M\u00fcller,<\/em>\u00a0de la colecci\u00f3n de Historias ver\u00eddicas y fidedignas de hombres y mujeres que respondieron al llamado de Dios<strong><br \/>\n<\/strong><\/p>\n<p>\u00bfUna acaudalada muchacha irlandesa rescata ni\u00f1os en India?<\/p>\n<p>\u00bfUna criada predica el evangelio en China?<\/p>\n<p>\u00bfUn piloto estadounidense sirve a misioneros en Ecuador?<\/p>\n<p>H\u00e9roes cristianos de ayer y de hoy relata las emocionantes y conmovedoras historias de hombres y mujeres comunes cuya confianza en Dios realizo haza\u00f1as extraordinarias en su reino y para su gloria.<\/p>\n<h4>Sobre el libro de Padres Hu\u00e9rfanos, la historia de vida de George M\u00fcller.<\/h4>\n<p>George M\u00fcller<br \/>\n(1805-1898)<br \/>\n\u00abDios me ha dado un campo de misi\u00f3n aqu\u00ed mismo y vivir\u00e9 y morir\u00e9 en \u00e9l\u00bb.<br \/>\nGeorge M\u00fcller se qued\u00f3 mirando a la ni\u00f1a mendiga. NO ten\u00eda m\u00e1s de 5 a\u00f1os y llevaba cuestas a su hermanito. Su madre muri\u00f3 a causa de la epidemia de c\u00f3lera que azoto Inglaterra, y su padre nunca regreso de la mina. En medio de la enlodad calle, esta ni\u00f1a peque\u00f1a presto su rostro a los numeroso hu\u00e9rfanos de Bristol.<br \/>\nA pesar de la precariedad de alimentos y dinero para cubrir las necesidades de su propia familia, George M\u00fcller abri\u00f3 su coraz\u00f3n y su hogar. El Club del Desayuno de la Casa Muller, sostenido por la provisi\u00f3n de Dios, pas\u00f3 de 30 ni\u00f1os a llenar 5 grandes edificios que fueron hogar de mas de 10.000 ni\u00f1os hu\u00e9rfanos.<\/p>\n<p>George M\u00fcller confi\u00f3 en Dios de una manera plena y poco frecuente. Su fe y su generosidad establecieron un modelo de vida para los cristiano de todas las generaciones.<\/p>\n<p>George M\u00fcller contempl\u00f3 a la ni\u00f1a mendiga. No ten\u00eda m\u00e1s de cinco a\u00f1os y llevaba a cuestas a su hermanito. su madre hab\u00eda muerto a causa de la c\u00f3lera que azot\u00f3 a Inglaterra y su padre nunca volvi\u00f3 de la mina, Este rostro infantil conmovi\u00f3 su coraz\u00f3n y abri\u00f3 su hogar a miles de hu\u00e9rfanos. Confi\u00f3 en Dios con fe plena e inquebrantable para sostener y educar a estos ni\u00f1os.<\/p>\n<h2><\/h2>\n","protected":false},"featured_media":56228,"comment_status":"open","ping_status":"closed","template":"","meta":[],"product_cat":[1160,54,1158],"product_tag":[1067,1066,69,1065],"class_list":{"0":"post-56227","1":"product","2":"type-product","3":"status-publish","4":"has-post-thumbnail","6":"product_cat-biografias","7":"product_cat-libros","8":"product_cat-por-temas","9":"product_tag-janet-y-geoff-benge","10":"product_tag-la-vida-de-george-muller","11":"product_tag-libro","12":"product_tag-padre-de-huerfanos","14":"first","15":"instock","16":"shipping-taxable","17":"purchasable","18":"product-type-simple"},"_links":{"self":[{"href":"https:\/\/iglesiapalabrapura.com\/site\/wp-json\/wp\/v2\/product\/56227","targetHints":{"allow":["GET"]}}],"collection":[{"href":"https:\/\/iglesiapalabrapura.com\/site\/wp-json\/wp\/v2\/product"}],"about":[{"href":"https:\/\/iglesiapalabrapura.com\/site\/wp-json\/wp\/v2\/types\/product"}],"replies":[{"embeddable":true,"href":"https:\/\/iglesiapalabrapura.com\/site\/wp-json\/wp\/v2\/comments?post=56227"}],"wp:featuredmedia":[{"embeddable":true,"href":"https:\/\/iglesiapalabrapura.com\/site\/wp-json\/wp\/v2\/media\/56228"}],"wp:attachment":[{"href":"https:\/\/iglesiapalabrapura.com\/site\/wp-json\/wp\/v2\/media?parent=56227"}],"wp:term":[{"taxonomy":"product_cat","embeddable":true,"href":"https:\/\/iglesiapalabrapura.com\/site\/wp-json\/wp\/v2\/product_cat?post=56227"},{"taxonomy":"product_tag","embeddable":true,"href":"https:\/\/iglesiapalabrapura.com\/site\/wp-json\/wp\/v2\/product_tag?post=56227"}],"curies":[{"name":"wp","href":"https:\/\/api.w.org\/{rel}","templated":true}]}}