{"id":65929,"date":"2025-01-29T12:54:04","date_gmt":"2025-01-29T17:54:04","guid":{"rendered":"https:\/\/iglesiapalabrapura.com\/site\/?post_type=product&#038;p=65929"},"modified":"2025-10-17T11:15:29","modified_gmt":"2025-10-17T16:15:29","slug":"obediencia-en-las-finanzas-bolsilibro","status":"publish","type":"product","link":"https:\/\/iglesiapalabrapura.com\/site\/product\/obediencia-en-las-finanzas-bolsilibro\/","title":{"rendered":"Obediencia En Las Finanzas [Bolsilibro]"},"content":{"rendered":"","protected":false},"excerpt":{"rendered":"<div>El Rey Midas se parece a muchos cristianos de hoy. Los creyentes han ca\u00eddo en un error deseando riquezas y cosas materiales por encima de cualquier otra cosa. Y es por esta raz\u00f3n que han limitado el poder de Dios en sus vidas.<\/div>\n<div>Muchos se est\u00e1n preguntando por qu\u00e9 no est\u00e1n experimentando las bendiciones de Dios como deber\u00edan. El objetivo de este libro es traer entendimiento y balance dentro del Cuerpo de Cristo acerca del dinero y del &#8220;mensaje de prosperidad&#8221;.<\/div>\n<div>Al colocarse de acuerdo con lo que dice la Palabra de Dios, acerca del dinero y la prosperidad, podr\u00e1 ver el poder de Dios manifestado en cada \u00e1rea de su vida. Descubrir\u00e1 que aquellas \u00e1reas que han sido infructuosas se volver\u00e1n productivas. \u00a1Llegar a estar de acuerdo con la Palabra de Dios har\u00e1 que su vida produzca cosas buenas!<\/div>\n<div>A medida que lee las palabras en las p\u00e1ginas de este libro, permite que el Esp\u00edritu Santo le revele la verdad de la Palabra de Dios. Mientras lo hace, no solamente recibir\u00e1 aquellas cosas que desea, sino que tambi\u00e9n llegar\u00e1 a ser de bendici\u00f3n a muchas otras personas!<\/div>\n","protected":false},"featured_media":65930,"comment_status":"open","ping_status":"closed","template":"","meta":[],"product_cat":[1163,839,54,1171,1158],"product_tag":[71,69,1074],"class_list":{"0":"post-65929","1":"product","2":"type-product","3":"status-publish","4":"has-post-thumbnail","6":"product_cat-finanzas-por-temas","7":"product_cat-kenneth-hagin","8":"product_cat-libros","9":"product_cat-por-autor","10":"product_cat-por-temas","11":"product_tag-kenneth-e-hagin","12":"product_tag-libro","13":"product_tag-obediencia-en-las-finanzas","15":"first","16":"instock","17":"shipping-taxable","18":"purchasable","19":"product-type-simple"},"_links":{"self":[{"href":"https:\/\/iglesiapalabrapura.com\/site\/wp-json\/wp\/v2\/product\/65929","targetHints":{"allow":["GET"]}}],"collection":[{"href":"https:\/\/iglesiapalabrapura.com\/site\/wp-json\/wp\/v2\/product"}],"about":[{"href":"https:\/\/iglesiapalabrapura.com\/site\/wp-json\/wp\/v2\/types\/product"}],"replies":[{"embeddable":true,"href":"https:\/\/iglesiapalabrapura.com\/site\/wp-json\/wp\/v2\/comments?post=65929"}],"wp:featuredmedia":[{"embeddable":true,"href":"https:\/\/iglesiapalabrapura.com\/site\/wp-json\/wp\/v2\/media\/65930"}],"wp:attachment":[{"href":"https:\/\/iglesiapalabrapura.com\/site\/wp-json\/wp\/v2\/media?parent=65929"}],"wp:term":[{"taxonomy":"product_cat","embeddable":true,"href":"https:\/\/iglesiapalabrapura.com\/site\/wp-json\/wp\/v2\/product_cat?post=65929"},{"taxonomy":"product_tag","embeddable":true,"href":"https:\/\/iglesiapalabrapura.com\/site\/wp-json\/wp\/v2\/product_tag?post=65929"}],"curies":[{"name":"wp","href":"https:\/\/api.w.org\/{rel}","templated":true}]}}