{"id":71287,"date":"2025-03-28T11:38:20","date_gmt":"2025-03-28T16:38:20","guid":{"rendered":"https:\/\/iglesiapalabrapura.com\/site\/?post_type=product&#038;p=71287"},"modified":"2025-06-20T11:47:26","modified_gmt":"2025-06-20T16:47:26","slug":"el-nino-y-el-mar","status":"publish","type":"product","link":"https:\/\/iglesiapalabrapura.com\/site\/product\/el-nino-y-el-mar\/","title":{"rendered":"El ni\u00f1o y el mar"},"content":{"rendered":"","protected":false},"excerpt":{"rendered":"<p><strong>\u00bfQu\u00e9 tan amplio, tan profundo y tan grande es el amor de Dios?<\/strong><\/p>\n<p><strong>Compru\u00e9balo por ti mismo en esta enternecedora historia acerca de un ni\u00f1o, sus padres, y la maravilla de la creaci\u00f3n.<\/strong><\/p>\n<p>Desde las vastas extensiones del mar hasta las imponentes alturas de las monta\u00f1as, Lucado nos lleva en un viaje de descubrimiento y de agradecimiento mientras nos muestra c\u00f3mo la creaci\u00f3n expresa el incomparable amor del Creador.<\/p>\n<p>Lleno de hermosas ilustraciones, esta encantadora historia nos ense\u00f1a acerca del Dios cuyo amor nunca termina.<\/p>\n","protected":false},"featured_media":71288,"comment_status":"open","ping_status":"closed","template":"","meta":[],"product_cat":[264,54,857,1167,1171,1158],"product_tag":[1095,69,272],"class_list":{"0":"post-71287","1":"product","2":"type-product","3":"status-publish","4":"has-post-thumbnail","6":"product_cat-infantil","7":"product_cat-libros","8":"product_cat-maxlucado","9":"product_cat-ninos","10":"product_cat-por-autor","11":"product_cat-por-temas","12":"product_tag-el-nino-y-el-mar","13":"product_tag-libro","14":"product_tag-max-lucado","16":"first","17":"instock","18":"shipping-taxable","19":"purchasable","20":"product-type-simple"},"_links":{"self":[{"href":"https:\/\/iglesiapalabrapura.com\/site\/wp-json\/wp\/v2\/product\/71287","targetHints":{"allow":["GET"]}}],"collection":[{"href":"https:\/\/iglesiapalabrapura.com\/site\/wp-json\/wp\/v2\/product"}],"about":[{"href":"https:\/\/iglesiapalabrapura.com\/site\/wp-json\/wp\/v2\/types\/product"}],"replies":[{"embeddable":true,"href":"https:\/\/iglesiapalabrapura.com\/site\/wp-json\/wp\/v2\/comments?post=71287"}],"wp:featuredmedia":[{"embeddable":true,"href":"https:\/\/iglesiapalabrapura.com\/site\/wp-json\/wp\/v2\/media\/71288"}],"wp:attachment":[{"href":"https:\/\/iglesiapalabrapura.com\/site\/wp-json\/wp\/v2\/media?parent=71287"}],"wp:term":[{"taxonomy":"product_cat","embeddable":true,"href":"https:\/\/iglesiapalabrapura.com\/site\/wp-json\/wp\/v2\/product_cat?post=71287"},{"taxonomy":"product_tag","embeddable":true,"href":"https:\/\/iglesiapalabrapura.com\/site\/wp-json\/wp\/v2\/product_tag?post=71287"}],"curies":[{"name":"wp","href":"https:\/\/api.w.org\/{rel}","templated":true}]}}