{"id":71291,"date":"2025-03-28T11:47:29","date_gmt":"2025-03-28T16:47:29","guid":{"rendered":"https:\/\/iglesiapalabrapura.com\/site\/?post_type=product&#038;p=71291"},"modified":"2025-07-04T09:52:06","modified_gmt":"2025-07-04T14:52:06","slug":"evalua-tu-noviazgo-y-evita-un-fiasco","status":"publish","type":"product","link":"https:\/\/iglesiapalabrapura.com\/site\/product\/evalua-tu-noviazgo-y-evita-un-fiasco\/","title":{"rendered":"Eval\u00faa Tu Noviazgo Y Evita Un Fiasco"},"content":{"rendered":"","protected":false},"excerpt":{"rendered":"<p>Ser soltero(a) en el mundo de hoy puede ser un trampol\u00edn que conlleve a relaciones plenas, as\u00ed como compromisos gratificantes; o de lo contrario, puede ser un espiral descendente hacia el tiempo m\u00e1s destructivo en la vida de una persona. Gran parte de la vida se reduce a las decisiones que se toman siendo solteros.<\/p>\n<p>En este sorprendente libro escrito con claridad y franqueza, Ed ense\u00f1a acerca de estos cuatro temas cr\u00edticos relacionados con las citas de las parejas:<\/p>\n<ul class=\"a-unordered-list a-vertical\">\n<li><span class=\"a-list-item\">De las canciones infantiles al pensamiento b\u00edblico<\/span><\/li>\n<li><span class=\"a-list-item\">C\u00f3mo arreglar las fallas de un noviazgo defectuoso<\/span><\/li>\n<li><span class=\"a-list-item\">C\u00f3mo leer y prestar atenci\u00f3n a las se\u00f1ales de precauci\u00f3n en una relaci\u00f3n<\/span><\/li>\n<li><span class=\"a-list-item\">C\u00f3mo mantener la pureza en medio de la pasi\u00f3n<\/span><\/li>\n<\/ul>\n","protected":false},"featured_media":71293,"comment_status":"open","ping_status":"closed","template":"","meta":[],"product_cat":[1173,54,1165,1171,1158],"product_tag":[327,1099,69],"class_list":{"0":"post-71291","1":"product","2":"type-product","3":"status-publish","4":"has-post-thumbnail","6":"product_cat-ed-young","7":"product_cat-libros","8":"product_cat-matrimonio","9":"product_cat-por-autor","10":"product_cat-por-temas","11":"product_tag-ed-young","12":"product_tag-evalua-tu-noviazgo-y-evita-un-fiasco","13":"product_tag-libro","15":"first","16":"outofstock","17":"shipping-taxable","18":"purchasable","19":"product-type-simple"},"_links":{"self":[{"href":"https:\/\/iglesiapalabrapura.com\/site\/wp-json\/wp\/v2\/product\/71291","targetHints":{"allow":["GET"]}}],"collection":[{"href":"https:\/\/iglesiapalabrapura.com\/site\/wp-json\/wp\/v2\/product"}],"about":[{"href":"https:\/\/iglesiapalabrapura.com\/site\/wp-json\/wp\/v2\/types\/product"}],"replies":[{"embeddable":true,"href":"https:\/\/iglesiapalabrapura.com\/site\/wp-json\/wp\/v2\/comments?post=71291"}],"wp:featuredmedia":[{"embeddable":true,"href":"https:\/\/iglesiapalabrapura.com\/site\/wp-json\/wp\/v2\/media\/71293"}],"wp:attachment":[{"href":"https:\/\/iglesiapalabrapura.com\/site\/wp-json\/wp\/v2\/media?parent=71291"}],"wp:term":[{"taxonomy":"product_cat","embeddable":true,"href":"https:\/\/iglesiapalabrapura.com\/site\/wp-json\/wp\/v2\/product_cat?post=71291"},{"taxonomy":"product_tag","embeddable":true,"href":"https:\/\/iglesiapalabrapura.com\/site\/wp-json\/wp\/v2\/product_tag?post=71291"}],"curies":[{"name":"wp","href":"https:\/\/api.w.org\/{rel}","templated":true}]}}