{"id":71294,"date":"2025-03-28T12:22:20","date_gmt":"2025-03-28T17:22:20","guid":{"rendered":"https:\/\/iglesiapalabrapura.com\/site\/?post_type=product&#038;p=71294"},"modified":"2025-06-20T11:46:47","modified_gmt":"2025-06-20T16:46:47","slug":"betty-greene-la-mujer-que-deseaba-volar","status":"publish","type":"product","link":"https:\/\/iglesiapalabrapura.com\/site\/product\/betty-greene-la-mujer-que-deseaba-volar\/","title":{"rendered":"Betty Greene, La mujer que deseaba volar"},"content":{"rendered":"","protected":false},"excerpt":{"rendered":"<p><span class=\"a-text-bold\">Betty Greene<\/span>\u00a0(1920-1997) deseaba aprender a volar desde que ten\u00eda siete a\u00f1os. Y con algo de dinero que le dio su t\u00edo, eso fue exactamente lo que hizo. Cuando la Segunda Guerra Mundial comenz\u00f3,\u00a0<span class=\"a-text-italic\">Betty us\u00f3 sus habilidades para servir junto a las mujeres pilotos en la fuerza a\u00e9rea<\/span>. Incluso fue parte de un proyecto de investigaci\u00f3n que enviaba a los pilotos muy alto, \u00a1a trav\u00e9s de la estrat\u00f3sfera!<\/p>\n<p>Cuando la guerra termin\u00f3,\u00a0<span class=\"a-text-italic\">uni\u00f3 su pasi\u00f3n por volar con su pasi\u00f3n por Jes\u00fas y ayud\u00f3 a establecer una misi\u00f3n que hoy se conoce como la\u00a0<\/span><span class=\"a-text-bold a-text-italic\">Fraternidad Misionera de Aviaci\u00f3n.<\/span><\/p>\n<p>A lo largo de su vida, Betty realiz\u00f3 m\u00e1s de 4,640 vuelos, sirvi\u00f3 en 12 pa\u00edses y aterriz\u00f3 en aproximadamente 20 m\u00e1s.<br \/>\nLos ni\u00f1os disfrutar\u00e1n esta biograf\u00eda bellamente ilustrada, la cual puede ser le\u00edda a ni\u00f1os peque\u00f1os de 4-5 a\u00f1os de edad y tambi\u00e9n puede ser le\u00edda por ni\u00f1os de 6 a\u00f1os de edad en adelante.<\/p>\n","protected":false},"featured_media":71295,"comment_status":"open","ping_status":"closed","template":"","meta":[],"product_cat":[1160,264,54,1167,1158],"product_tag":[1101,1100,69],"class_list":{"0":"post-71294","1":"product","2":"type-product","3":"status-publish","4":"has-post-thumbnail","6":"product_cat-biografias","7":"product_cat-infantil","8":"product_cat-libros","9":"product_cat-ninos","10":"product_cat-por-temas","11":"product_tag-betty-greene","12":"product_tag-la-mujer-que-deseaba-volar","13":"product_tag-libro","15":"first","16":"instock","17":"shipping-taxable","18":"purchasable","19":"product-type-simple"},"_links":{"self":[{"href":"https:\/\/iglesiapalabrapura.com\/site\/wp-json\/wp\/v2\/product\/71294","targetHints":{"allow":["GET"]}}],"collection":[{"href":"https:\/\/iglesiapalabrapura.com\/site\/wp-json\/wp\/v2\/product"}],"about":[{"href":"https:\/\/iglesiapalabrapura.com\/site\/wp-json\/wp\/v2\/types\/product"}],"replies":[{"embeddable":true,"href":"https:\/\/iglesiapalabrapura.com\/site\/wp-json\/wp\/v2\/comments?post=71294"}],"wp:featuredmedia":[{"embeddable":true,"href":"https:\/\/iglesiapalabrapura.com\/site\/wp-json\/wp\/v2\/media\/71295"}],"wp:attachment":[{"href":"https:\/\/iglesiapalabrapura.com\/site\/wp-json\/wp\/v2\/media?parent=71294"}],"wp:term":[{"taxonomy":"product_cat","embeddable":true,"href":"https:\/\/iglesiapalabrapura.com\/site\/wp-json\/wp\/v2\/product_cat?post=71294"},{"taxonomy":"product_tag","embeddable":true,"href":"https:\/\/iglesiapalabrapura.com\/site\/wp-json\/wp\/v2\/product_tag?post=71294"}],"curies":[{"name":"wp","href":"https:\/\/api.w.org\/{rel}","templated":true}]}}