{"id":71297,"date":"2025-03-28T12:35:29","date_gmt":"2025-03-28T17:35:29","guid":{"rendered":"https:\/\/iglesiapalabrapura.com\/site\/?post_type=product&#038;p=71297"},"modified":"2026-04-01T16:17:43","modified_gmt":"2026-04-01T21:17:43","slug":"100-historias-extraordinarias-para-ninas-valientes-relatos-inolvidables-sobre-mujeres-de-fe","status":"publish","type":"product","link":"https:\/\/iglesiapalabrapura.com\/site\/product\/100-historias-extraordinarias-para-ninas-valientes-relatos-inolvidables-sobre-mujeres-de-fe\/","title":{"rendered":"100 Historias Extraordinarias Para Ni\u00f1as Valientes: Relatos Inolvidables Sobre Mujeres de fe"},"content":{"rendered":"","protected":false},"excerpt":{"rendered":"<div>\u00a1Las ni\u00f1as que oran transforman el mundo! \u00a1Y este libro de historias profundamente inspirador as\u00ed lo demuestra!<\/div>\n<div><\/div>\n<div>Ideal para las ni\u00f1as de tu vida, de ocho a\u00f1os en adelante, esta colecci\u00f3n de 100 historias extraordinarias de mujeres de oraci\u00f3n y de fe \u2014de la Biblia, la historia y de hoy\u2014 empoderar\u00e1n a las ni\u00f1as que saben y entienden c\u00f3mo las mujeres de oraci\u00f3n han marcado la diferencia en el mundo, y cu\u00e1nto m\u00e1s peque\u00f1a ser\u00eda nuestra fe (y el registro b\u00edblico) sin ellas. \u00a1Con ilustraciones a toda plana y a todo color, junto a las verdaderas historias de oraci\u00f3n como Ana, Ester, Anne Bradstreet, Shirley Dobson, Lottie Moon, Ida Scudder, Corrie ten Boom, Phillis Wheatley y muchas m\u00e1s, las historias de estas 100 mujeres alentar\u00e1n e inspirar\u00e1n a las ni\u00f1as a convertirse en las transformadoras del mundo mediante la oraci\u00f3n que Dios dise\u00f1\u00f3 que fueran!<\/div>\n","protected":false},"featured_media":71298,"comment_status":"open","ping_status":"closed","template":"","meta":[],"product_cat":[1160,264,54,1167,1161,1158],"product_tag":[1101,1100,69],"class_list":{"0":"post-71297","1":"product","2":"type-product","3":"status-publish","4":"has-post-thumbnail","6":"product_cat-biografias","7":"product_cat-infantil","8":"product_cat-libros","9":"product_cat-ninos","10":"product_cat-oracion","11":"product_cat-por-temas","12":"product_tag-betty-greene","13":"product_tag-la-mujer-que-deseaba-volar","14":"product_tag-libro","16":"first","17":"outofstock","18":"shipping-taxable","19":"purchasable","20":"product-type-simple"},"_links":{"self":[{"href":"https:\/\/iglesiapalabrapura.com\/site\/wp-json\/wp\/v2\/product\/71297","targetHints":{"allow":["GET"]}}],"collection":[{"href":"https:\/\/iglesiapalabrapura.com\/site\/wp-json\/wp\/v2\/product"}],"about":[{"href":"https:\/\/iglesiapalabrapura.com\/site\/wp-json\/wp\/v2\/types\/product"}],"replies":[{"embeddable":true,"href":"https:\/\/iglesiapalabrapura.com\/site\/wp-json\/wp\/v2\/comments?post=71297"}],"wp:featuredmedia":[{"embeddable":true,"href":"https:\/\/iglesiapalabrapura.com\/site\/wp-json\/wp\/v2\/media\/71298"}],"wp:attachment":[{"href":"https:\/\/iglesiapalabrapura.com\/site\/wp-json\/wp\/v2\/media?parent=71297"}],"wp:term":[{"taxonomy":"product_cat","embeddable":true,"href":"https:\/\/iglesiapalabrapura.com\/site\/wp-json\/wp\/v2\/product_cat?post=71297"},{"taxonomy":"product_tag","embeddable":true,"href":"https:\/\/iglesiapalabrapura.com\/site\/wp-json\/wp\/v2\/product_tag?post=71297"}],"curies":[{"name":"wp","href":"https:\/\/api.w.org\/{rel}","templated":true}]}}