{"id":71501,"date":"2025-05-06T14:43:03","date_gmt":"2025-05-06T19:43:03","guid":{"rendered":"https:\/\/iglesiapalabrapura.com\/site\/?post_type=product&#038;p=71501"},"modified":"2026-01-23T18:19:43","modified_gmt":"2026-01-23T23:19:43","slug":"como-desatar-su-fe","status":"publish","type":"product","link":"https:\/\/iglesiapalabrapura.com\/site\/product\/como-desatar-su-fe\/","title":{"rendered":"C\u00f3mo desatar su fe"},"content":{"rendered":"<p>En ning\u00fan lugar ense\u00f1a la Biblia que si solamente crees en tu coraz\u00f3n recibir\u00e1s al respuesta. La biblia ense\u00f1a que si crees en tu coraz\u00f3n y lo dices con tu boca, tendr\u00e1s lo que digas<\/p>\n","protected":false},"excerpt":{"rendered":"<p>En ning\u00fan lugar ense\u00f1a la Biblia que si solamente crees en tu coraz\u00f3n recibir\u00e1s al respuesta. La biblia ense\u00f1a que si crees en tu coraz\u00f3n y lo dices con tu boca, tendr\u00e1s lo que digas.<\/p>\n","protected":false},"featured_media":71603,"comment_status":"open","ping_status":"closed","template":"","meta":[],"product_cat":[1162,839,54,1171,1158],"product_tag":[1121,71,69],"class_list":{"0":"post-71501","1":"product","2":"type-product","3":"status-publish","4":"has-post-thumbnail","6":"product_cat-fe","7":"product_cat-kenneth-hagin","8":"product_cat-libros","9":"product_cat-por-autor","10":"product_cat-por-temas","11":"product_tag-como-desatar-su-fe","12":"product_tag-kenneth-e-hagin","13":"product_tag-libro","15":"first","16":"outofstock","17":"shipping-taxable","18":"purchasable","19":"product-type-simple"},"_links":{"self":[{"href":"https:\/\/iglesiapalabrapura.com\/site\/wp-json\/wp\/v2\/product\/71501","targetHints":{"allow":["GET"]}}],"collection":[{"href":"https:\/\/iglesiapalabrapura.com\/site\/wp-json\/wp\/v2\/product"}],"about":[{"href":"https:\/\/iglesiapalabrapura.com\/site\/wp-json\/wp\/v2\/types\/product"}],"replies":[{"embeddable":true,"href":"https:\/\/iglesiapalabrapura.com\/site\/wp-json\/wp\/v2\/comments?post=71501"}],"wp:featuredmedia":[{"embeddable":true,"href":"https:\/\/iglesiapalabrapura.com\/site\/wp-json\/wp\/v2\/media\/71603"}],"wp:attachment":[{"href":"https:\/\/iglesiapalabrapura.com\/site\/wp-json\/wp\/v2\/media?parent=71501"}],"wp:term":[{"taxonomy":"product_cat","embeddable":true,"href":"https:\/\/iglesiapalabrapura.com\/site\/wp-json\/wp\/v2\/product_cat?post=71501"},{"taxonomy":"product_tag","embeddable":true,"href":"https:\/\/iglesiapalabrapura.com\/site\/wp-json\/wp\/v2\/product_tag?post=71501"}],"curies":[{"name":"wp","href":"https:\/\/api.w.org\/{rel}","templated":true}]}}