{"id":71505,"date":"2025-05-06T14:55:29","date_gmt":"2025-05-06T19:55:29","guid":{"rendered":"https:\/\/iglesiapalabrapura.com\/site\/?post_type=product&#038;p=71505"},"modified":"2026-01-23T18:15:35","modified_gmt":"2026-01-23T23:15:35","slug":"una-fe-sencilla","status":"publish","type":"product","link":"https:\/\/iglesiapalabrapura.com\/site\/product\/una-fe-sencilla\/","title":{"rendered":"Una Fe Sencilla"},"content":{"rendered":"<p>\u00bfEst\u00e1 usted atrapado en un cristianismo complicado? \u00a1Aqu\u00ed tiene el permiso para salir del encierro!<\/p>\n<div>\n<div>\u00bfD\u00f3nde est\u00e1 el cristianismo real ? \u00bfC\u00f3mo se ve? Sorprendentemente muchos creyentes se est\u00e1n preguntando esto hoy en d\u00eda. Especialmente, los que una vez basaron su fe en el s\u00f3lido cimiento de Jesucristo, pero que de un tiempo ac\u00e1 se han visto atrapados en una loca carrera de la fe basada en el desempe\u00f1o&#8230; enjaulados por las demandas que se han impuesto a s\u00ed mismos, de obras y m\u00e1s obras.\u00a0\u00a0Este libro, no trata de a\u00f1adir m\u00e1s exigencias religiosas a una existencia de por s\u00ed ya complicada; por el contrario, trata de c\u00f3mo obtener libertad de la tiran\u00eda y de c\u00f3mo volver a descubrir la belleza de lo que Cristo realmente ense\u00f1\u00f3. Se trata de salir de la jaula y recuperar la libertad, la paz y el descanso en Jesucristo, y regresar a la vida de la fe simple que \u00c9l ense\u00f1\u00f3 y, m\u00e1s importante todav\u00eda, que \u00c9l vivi\u00f3. Es el mensaje real del Serm\u00f3n del monte, y lo que significa vivir una vida aut\u00e9ntica y sin complicaciones. En breves palabras, es un llamado a ejercer una fe sencilla.<\/div>\n<div>\n<div><\/div>\n<div>Esta maravillosa gu\u00eda de estudio es una invitaci\u00f3n estimulante a la fe simple. Basada en el Serm\u00f3n del Monte, el autor hace una aplicaci\u00f3n a los problemas actuales que la mayor\u00eda de creyentes padecen en esta sociedad. En cada cap\u00edtulo, usted encontrar\u00e1 ejercicios que le ayudar\u00e1n a profundizar y estudiar cada una de las ense\u00f1anzas que est\u00e1n descritas en cada secci\u00f3n. Esta gu\u00eda la podr\u00e1 usar como estudio b\u00edblico devocional o para trabajar en grupo.<\/div>\n<\/div>\n<\/div>\n","protected":false},"excerpt":{"rendered":"<p>Basada en el Serm\u00f3n del Monte, el autor hace una aplicaci\u00f3n a los problemas actuales que la mayor\u00eda de creyentes padecen en esta sociedad.<\/p>\n","protected":false},"featured_media":71607,"comment_status":"open","ping_status":"closed","template":"","meta":[],"product_cat":[31,1174,1162,54,1171,1158],"product_tag":[863,69,1123],"class_list":{"0":"post-71505","1":"product","2":"type-product","3":"status-publish","4":"has-post-thumbnail","6":"product_cat-uncategorized","7":"product_cat-charles-r-swindoll","8":"product_cat-fe","9":"product_cat-libros","10":"product_cat-por-autor","11":"product_cat-por-temas","12":"product_tag-charles-r-swindoll","13":"product_tag-libro","14":"product_tag-una-fe-sencilla","16":"first","17":"instock","18":"shipping-taxable","19":"purchasable","20":"product-type-simple"},"_links":{"self":[{"href":"https:\/\/iglesiapalabrapura.com\/site\/wp-json\/wp\/v2\/product\/71505","targetHints":{"allow":["GET"]}}],"collection":[{"href":"https:\/\/iglesiapalabrapura.com\/site\/wp-json\/wp\/v2\/product"}],"about":[{"href":"https:\/\/iglesiapalabrapura.com\/site\/wp-json\/wp\/v2\/types\/product"}],"replies":[{"embeddable":true,"href":"https:\/\/iglesiapalabrapura.com\/site\/wp-json\/wp\/v2\/comments?post=71505"}],"wp:featuredmedia":[{"embeddable":true,"href":"https:\/\/iglesiapalabrapura.com\/site\/wp-json\/wp\/v2\/media\/71607"}],"wp:attachment":[{"href":"https:\/\/iglesiapalabrapura.com\/site\/wp-json\/wp\/v2\/media?parent=71505"}],"wp:term":[{"taxonomy":"product_cat","embeddable":true,"href":"https:\/\/iglesiapalabrapura.com\/site\/wp-json\/wp\/v2\/product_cat?post=71505"},{"taxonomy":"product_tag","embeddable":true,"href":"https:\/\/iglesiapalabrapura.com\/site\/wp-json\/wp\/v2\/product_tag?post=71505"}],"curies":[{"name":"wp","href":"https:\/\/api.w.org\/{rel}","templated":true}]}}