{"id":71509,"date":"2025-05-06T15:17:16","date_gmt":"2025-05-06T20:17:16","guid":{"rendered":"https:\/\/iglesiapalabrapura.com\/site\/?post_type=product&#038;p=71509"},"modified":"2026-01-23T18:11:25","modified_gmt":"2026-01-23T23:11:25","slug":"el-dio-dones-a-los-hombres","status":"publish","type":"product","link":"https:\/\/iglesiapalabrapura.com\/site\/product\/el-dio-dones-a-los-hombres\/","title":{"rendered":"\u00c9l Dio Dones a los Hombres"},"content":{"rendered":"<p dir=\"ltr\" data-test-bidi=\"\">Recientemente, los oficios de ap\u00f3stol y el del profeta han estado bajo mucho escrutinio y cuestionamiento entre los creyentes. Algunos dicen que estos ministerios no est\u00e1n en existencia hoy en d\u00eda.<\/p>\n<p dir=\"ltr\" data-test-bidi=\"\">\u00bfPero qu\u00e9 dice la Palabra de Dios acerca de los roles del ap\u00f3stol y del profeta en la tierra hoy d\u00eda?<\/p>\n<p dir=\"ltr\" data-test-bidi=\"\">En este libro se responder\u00e1 a estas preguntas:<\/p>\n<p dir=\"ltr\" data-test-bidi=\"\">\u2022\u00a0 \u00bfGobierna el Ap\u00f3stol sobre todos los dem\u00e1s dones ministeriales, incluyendo al Pastor?<\/p>\n<p dir=\"ltr\" data-test-bidi=\"\">\u2022\u00a0 \u00bfDeber\u00eda el Profeta guiar a la Iglesia Local?<\/p>\n<p dir=\"ltr\" data-test-bidi=\"\">\u2022\u00a0 \u00bfQui\u00e9n es la autoridad en la Iglesia Local?<\/p>\n<p dir=\"ltr\" data-test-bidi=\"\">\u2022\u00a0 \u00bfQu\u00e9 es un Profeta Neotestamentario?<b>\u00a0<\/b><\/p>\n","protected":false},"excerpt":{"rendered":"<p dir=\"ltr\" data-test-bidi=\"\">\u00bfPero qu\u00e9 dice la Palabra de Dios acerca de los roles del ap\u00f3stol y del profeta en la tierra hoy d\u00eda? En este libro se responder\u00e1 a esta pregunta.<\/p>\n","protected":false},"featured_media":71609,"comment_status":"open","ping_status":"closed","template":"","meta":[],"product_cat":[31,839,54,1166,1171,1158],"product_tag":[1124,71,69],"class_list":{"0":"post-71509","1":"product","2":"type-product","3":"status-publish","4":"has-post-thumbnail","6":"product_cat-uncategorized","7":"product_cat-kenneth-hagin","8":"product_cat-libros","9":"product_cat-liderazgo","10":"product_cat-por-autor","11":"product_cat-por-temas","12":"product_tag-el-dio-dones-a-los-hombres","13":"product_tag-kenneth-e-hagin","14":"product_tag-libro","16":"first","17":"instock","18":"shipping-taxable","19":"purchasable","20":"product-type-simple"},"_links":{"self":[{"href":"https:\/\/iglesiapalabrapura.com\/site\/wp-json\/wp\/v2\/product\/71509","targetHints":{"allow":["GET"]}}],"collection":[{"href":"https:\/\/iglesiapalabrapura.com\/site\/wp-json\/wp\/v2\/product"}],"about":[{"href":"https:\/\/iglesiapalabrapura.com\/site\/wp-json\/wp\/v2\/types\/product"}],"replies":[{"embeddable":true,"href":"https:\/\/iglesiapalabrapura.com\/site\/wp-json\/wp\/v2\/comments?post=71509"}],"wp:featuredmedia":[{"embeddable":true,"href":"https:\/\/iglesiapalabrapura.com\/site\/wp-json\/wp\/v2\/media\/71609"}],"wp:attachment":[{"href":"https:\/\/iglesiapalabrapura.com\/site\/wp-json\/wp\/v2\/media?parent=71509"}],"wp:term":[{"taxonomy":"product_cat","embeddable":true,"href":"https:\/\/iglesiapalabrapura.com\/site\/wp-json\/wp\/v2\/product_cat?post=71509"},{"taxonomy":"product_tag","embeddable":true,"href":"https:\/\/iglesiapalabrapura.com\/site\/wp-json\/wp\/v2\/product_tag?post=71509"}],"curies":[{"name":"wp","href":"https:\/\/api.w.org\/{rel}","templated":true}]}}