{"id":71513,"date":"2025-05-06T16:04:04","date_gmt":"2025-05-06T21:04:04","guid":{"rendered":"https:\/\/iglesiapalabrapura.com\/site\/?post_type=product&#038;p=71513"},"modified":"2026-01-23T18:09:49","modified_gmt":"2026-01-23T23:09:49","slug":"lenguas-mas-alla-del-aposento-alto","status":"publish","type":"product","link":"https:\/\/iglesiapalabrapura.com\/site\/product\/lenguas-mas-alla-del-aposento-alto\/","title":{"rendered":"Lenguas m\u00e1s all\u00e1 del Aposento Alto"},"content":{"rendered":"<p>A trav\u00e9s del libro, el Reverendo Kenneth E. Hagin discute objeciones comunes y errores de interpretaci\u00f3n acerca de las <em>lenguas<\/em>\u00a0y explica su verdadero prop\u00f3sito escritural.<\/p>\n","protected":false},"excerpt":{"rendered":"<p>A trav\u00e9s del libro, el Reverendo Kenneth E. Hagin discute objeciones comunes y errores de interpretaci\u00f3n acerca de las <em>lenguas<\/em>\u00a0y explica su verdadero prop\u00f3sito escritural.<\/p>\n","protected":false},"featured_media":71514,"comment_status":"open","ping_status":"closed","template":"","meta":[],"product_cat":[31],"product_tag":[],"class_list":{"0":"post-71513","1":"product","2":"type-product","3":"status-publish","4":"has-post-thumbnail","6":"product_cat-uncategorized","8":"first","9":"instock","10":"shipping-taxable","11":"purchasable","12":"product-type-simple"},"_links":{"self":[{"href":"https:\/\/iglesiapalabrapura.com\/site\/wp-json\/wp\/v2\/product\/71513","targetHints":{"allow":["GET"]}}],"collection":[{"href":"https:\/\/iglesiapalabrapura.com\/site\/wp-json\/wp\/v2\/product"}],"about":[{"href":"https:\/\/iglesiapalabrapura.com\/site\/wp-json\/wp\/v2\/types\/product"}],"replies":[{"embeddable":true,"href":"https:\/\/iglesiapalabrapura.com\/site\/wp-json\/wp\/v2\/comments?post=71513"}],"wp:featuredmedia":[{"embeddable":true,"href":"https:\/\/iglesiapalabrapura.com\/site\/wp-json\/wp\/v2\/media\/71514"}],"wp:attachment":[{"href":"https:\/\/iglesiapalabrapura.com\/site\/wp-json\/wp\/v2\/media?parent=71513"}],"wp:term":[{"taxonomy":"product_cat","embeddable":true,"href":"https:\/\/iglesiapalabrapura.com\/site\/wp-json\/wp\/v2\/product_cat?post=71513"},{"taxonomy":"product_tag","embeddable":true,"href":"https:\/\/iglesiapalabrapura.com\/site\/wp-json\/wp\/v2\/product_tag?post=71513"}],"curies":[{"name":"wp","href":"https:\/\/api.w.org\/{rel}","templated":true}]}}