{"id":71519,"date":"2025-05-06T16:17:44","date_gmt":"2025-05-06T21:17:44","guid":{"rendered":"https:\/\/iglesiapalabrapura.com\/site\/?post_type=product&#038;p=71519"},"modified":"2026-01-23T18:07:09","modified_gmt":"2026-01-23T23:07:09","slug":"deja-que-los-buenos-tiempos-comiencen","status":"publish","type":"product","link":"https:\/\/iglesiapalabrapura.com\/site\/product\/deja-que-los-buenos-tiempos-comiencen\/","title":{"rendered":"Deja que los Buenos Tiempos Comiencen"},"content":{"rendered":"<p>Cinco factores claves para tener el cielo en la tierraEl factor Esp\u00edritu Santo: El Esp\u00edritu Santo es un genio. Si usted lo escucha a \u00c9l, \u00c9l lo har\u00e1 lucir muy inteligente.El factor Gloria: La gloria de Dios es Su presencia manifiesta e incluye toda su bondad.El Factor fe: Si usted cree, ver\u00e1 la gloria de Dios. La fe es un acto . Un acto de fe abrir\u00e1 lo sobrenatural y har\u00e1 que la Gloria de Dios se derrame.El factor Gozo: Si tan s\u00f3lo supiera lo que sucede en el esp\u00edritu cuando usted se regocija, se regocijar\u00e1 todos los d\u00edas. El gozo es el puente entre crecer y recibir.El fatcor Redenci\u00f3n: Dios nos ve en Cristo. Usted se ve mcuhho mejor en Cristo que fuera de \u00c9l.<\/p>\n","protected":false},"excerpt":{"rendered":"<p>Cinco factores claves para tener el cielo en la tierraEl factor Esp\u00edritu Santo: El Esp\u00edritu Santo es un genio. Si usted lo escucha a \u00c9l, \u00c9l lo har\u00e1 lucir muy inteligente.<\/p>\n","protected":false},"featured_media":71617,"comment_status":"open","ping_status":"closed","template":"","meta":[],"product_cat":[54],"product_tag":[1125,69,332],"class_list":{"0":"post-71519","1":"product","2":"type-product","3":"status-publish","4":"has-post-thumbnail","6":"product_cat-libros","7":"product_tag-deja-que-los-buenos-tiempos-comiencen","8":"product_tag-libro","9":"product_tag-mark-hankins","11":"first","12":"outofstock","13":"shipping-taxable","14":"purchasable","15":"product-type-simple"},"_links":{"self":[{"href":"https:\/\/iglesiapalabrapura.com\/site\/wp-json\/wp\/v2\/product\/71519","targetHints":{"allow":["GET"]}}],"collection":[{"href":"https:\/\/iglesiapalabrapura.com\/site\/wp-json\/wp\/v2\/product"}],"about":[{"href":"https:\/\/iglesiapalabrapura.com\/site\/wp-json\/wp\/v2\/types\/product"}],"replies":[{"embeddable":true,"href":"https:\/\/iglesiapalabrapura.com\/site\/wp-json\/wp\/v2\/comments?post=71519"}],"wp:featuredmedia":[{"embeddable":true,"href":"https:\/\/iglesiapalabrapura.com\/site\/wp-json\/wp\/v2\/media\/71617"}],"wp:attachment":[{"href":"https:\/\/iglesiapalabrapura.com\/site\/wp-json\/wp\/v2\/media?parent=71519"}],"wp:term":[{"taxonomy":"product_cat","embeddable":true,"href":"https:\/\/iglesiapalabrapura.com\/site\/wp-json\/wp\/v2\/product_cat?post=71519"},{"taxonomy":"product_tag","embeddable":true,"href":"https:\/\/iglesiapalabrapura.com\/site\/wp-json\/wp\/v2\/product_tag?post=71519"}],"curies":[{"name":"wp","href":"https:\/\/api.w.org\/{rel}","templated":true}]}}