{"id":71524,"date":"2025-05-06T16:36:07","date_gmt":"2025-05-06T21:36:07","guid":{"rendered":"https:\/\/iglesiapalabrapura.com\/site\/?post_type=product&#038;p=71524"},"modified":"2026-01-23T18:04:29","modified_gmt":"2026-01-23T23:04:29","slug":"moises-entre-los-juncos","status":"publish","type":"product","link":"https:\/\/iglesiapalabrapura.com\/site\/product\/moises-entre-los-juncos\/","title":{"rendered":"Mois\u00e9s entre los Juncos"},"content":{"rendered":"<p>Mois\u00e9s entre los Juncos , libro de pegatinas de historias b\u00edblicas para ni\u00f1os. M\u00e1s de 30 stickers. Esta serie incluye horas de entretenimiento b\u00edblico y de mucha diversi\u00f3n para los ni\u00f1os.<\/p>\n","protected":false},"excerpt":{"rendered":"<p>Mois\u00e9s entre los Juncos , libro de pegatinas de historias b\u00edblicas para ni\u00f1os. M\u00e1s de 30 stickers. Esta serie incluye horas de entretenimiento b\u00edblico y de mucha diversi\u00f3n para los ni\u00f1os.<\/p>\n","protected":false},"featured_media":71615,"comment_status":"open","ping_status":"closed","template":"","meta":[],"product_cat":[264,54,1167,1158],"product_tag":[69,1128],"class_list":{"0":"post-71524","1":"product","2":"type-product","3":"status-publish","4":"has-post-thumbnail","6":"product_cat-infantil","7":"product_cat-libros","8":"product_cat-ninos","9":"product_cat-por-temas","10":"product_tag-libro","11":"product_tag-moises-entre-los-juncos","13":"first","14":"outofstock","15":"shipping-taxable","16":"purchasable","17":"product-type-simple"},"_links":{"self":[{"href":"https:\/\/iglesiapalabrapura.com\/site\/wp-json\/wp\/v2\/product\/71524","targetHints":{"allow":["GET"]}}],"collection":[{"href":"https:\/\/iglesiapalabrapura.com\/site\/wp-json\/wp\/v2\/product"}],"about":[{"href":"https:\/\/iglesiapalabrapura.com\/site\/wp-json\/wp\/v2\/types\/product"}],"replies":[{"embeddable":true,"href":"https:\/\/iglesiapalabrapura.com\/site\/wp-json\/wp\/v2\/comments?post=71524"}],"wp:featuredmedia":[{"embeddable":true,"href":"https:\/\/iglesiapalabrapura.com\/site\/wp-json\/wp\/v2\/media\/71615"}],"wp:attachment":[{"href":"https:\/\/iglesiapalabrapura.com\/site\/wp-json\/wp\/v2\/media?parent=71524"}],"wp:term":[{"taxonomy":"product_cat","embeddable":true,"href":"https:\/\/iglesiapalabrapura.com\/site\/wp-json\/wp\/v2\/product_cat?post=71524"},{"taxonomy":"product_tag","embeddable":true,"href":"https:\/\/iglesiapalabrapura.com\/site\/wp-json\/wp\/v2\/product_tag?post=71524"}],"curies":[{"name":"wp","href":"https:\/\/api.w.org\/{rel}","templated":true}]}}