{"id":71536,"date":"2025-05-06T16:44:52","date_gmt":"2025-05-06T21:44:52","guid":{"rendered":"https:\/\/iglesiapalabrapura.com\/site\/?post_type=product&#038;p=71536"},"modified":"2026-01-23T18:00:16","modified_gmt":"2026-01-23T23:00:16","slug":"daniel-en-la-fosa-de-los-leones","status":"publish","type":"product","link":"https:\/\/iglesiapalabrapura.com\/site\/product\/daniel-en-la-fosa-de-los-leones\/","title":{"rendered":"Daniel fosa de los leones"},"content":{"rendered":"<p>Disfruta la historia de Daniel en la Fosa de los Leones, libro de pegatinas de historias B\u00edblicas para ni\u00f1os. Horas de entretenimiento b\u00edblico y de mucha diversi\u00f3n para los ni\u00f1os.<\/p>\n","protected":false},"excerpt":{"rendered":"<p>Disfruta la historia de Daniel en la Fosa de los Leones, libro de pegatinas de historias B\u00edblicas para ni\u00f1os. Horas de entretenimiento b\u00edblico y de mucha diversi\u00f3n para los ni\u00f1os.<\/p>\n","protected":false},"featured_media":71616,"comment_status":"open","ping_status":"closed","template":"","meta":[],"product_cat":[264,54,1167,1158],"product_tag":[1127,204,69,192],"class_list":{"0":"post-71536","1":"product","2":"type-product","3":"status-publish","4":"has-post-thumbnail","6":"product_cat-infantil","7":"product_cat-libros","8":"product_cat-ninos","9":"product_cat-por-temas","10":"product_tag-daniel-fosa-de-los-leones","11":"product_tag-infantil","12":"product_tag-libro","13":"product_tag-ninos","15":"first","16":"instock","17":"shipping-taxable","18":"purchasable","19":"product-type-simple"},"_links":{"self":[{"href":"https:\/\/iglesiapalabrapura.com\/site\/wp-json\/wp\/v2\/product\/71536","targetHints":{"allow":["GET"]}}],"collection":[{"href":"https:\/\/iglesiapalabrapura.com\/site\/wp-json\/wp\/v2\/product"}],"about":[{"href":"https:\/\/iglesiapalabrapura.com\/site\/wp-json\/wp\/v2\/types\/product"}],"replies":[{"embeddable":true,"href":"https:\/\/iglesiapalabrapura.com\/site\/wp-json\/wp\/v2\/comments?post=71536"}],"wp:featuredmedia":[{"embeddable":true,"href":"https:\/\/iglesiapalabrapura.com\/site\/wp-json\/wp\/v2\/media\/71616"}],"wp:attachment":[{"href":"https:\/\/iglesiapalabrapura.com\/site\/wp-json\/wp\/v2\/media?parent=71536"}],"wp:term":[{"taxonomy":"product_cat","embeddable":true,"href":"https:\/\/iglesiapalabrapura.com\/site\/wp-json\/wp\/v2\/product_cat?post=71536"},{"taxonomy":"product_tag","embeddable":true,"href":"https:\/\/iglesiapalabrapura.com\/site\/wp-json\/wp\/v2\/product_tag?post=71536"}],"curies":[{"name":"wp","href":"https:\/\/api.w.org\/{rel}","templated":true}]}}