{"id":71540,"date":"2025-05-06T17:15:11","date_gmt":"2025-05-06T22:15:11","guid":{"rendered":"https:\/\/iglesiapalabrapura.com\/site\/?post_type=product&#038;p=71540"},"modified":"2025-06-20T11:51:55","modified_gmt":"2025-06-20T16:51:55","slug":"los-milagros-de-jesus","status":"publish","type":"product","link":"https:\/\/iglesiapalabrapura.com\/site\/product\/los-milagros-de-jesus\/","title":{"rendered":"Los milagros de Jes\u00fas"},"content":{"rendered":"<p>Libro de pegatinas de historias b\u00edblicas para ni\u00f1os, ilustrando los milagros de Jes\u00fas.<\/p>\n","protected":false},"excerpt":{"rendered":"<p>Libro de pegatinas de historias b\u00edblicas para ni\u00f1os, ilustrando los milagros de Jes\u00fas.<\/p>\n","protected":false},"featured_media":71588,"comment_status":"open","ping_status":"closed","template":"","meta":[],"product_cat":[264,54,1167,1158],"product_tag":[69,1116,192],"class_list":{"0":"post-71540","1":"product","2":"type-product","3":"status-publish","4":"has-post-thumbnail","6":"product_cat-infantil","7":"product_cat-libros","8":"product_cat-ninos","9":"product_cat-por-temas","10":"product_tag-libro","11":"product_tag-milagros-de-jesus","12":"product_tag-ninos","14":"first","15":"outofstock","16":"shipping-taxable","17":"purchasable","18":"product-type-simple"},"_links":{"self":[{"href":"https:\/\/iglesiapalabrapura.com\/site\/wp-json\/wp\/v2\/product\/71540","targetHints":{"allow":["GET"]}}],"collection":[{"href":"https:\/\/iglesiapalabrapura.com\/site\/wp-json\/wp\/v2\/product"}],"about":[{"href":"https:\/\/iglesiapalabrapura.com\/site\/wp-json\/wp\/v2\/types\/product"}],"replies":[{"embeddable":true,"href":"https:\/\/iglesiapalabrapura.com\/site\/wp-json\/wp\/v2\/comments?post=71540"}],"wp:featuredmedia":[{"embeddable":true,"href":"https:\/\/iglesiapalabrapura.com\/site\/wp-json\/wp\/v2\/media\/71588"}],"wp:attachment":[{"href":"https:\/\/iglesiapalabrapura.com\/site\/wp-json\/wp\/v2\/media?parent=71540"}],"wp:term":[{"taxonomy":"product_cat","embeddable":true,"href":"https:\/\/iglesiapalabrapura.com\/site\/wp-json\/wp\/v2\/product_cat?post=71540"},{"taxonomy":"product_tag","embeddable":true,"href":"https:\/\/iglesiapalabrapura.com\/site\/wp-json\/wp\/v2\/product_tag?post=71540"}],"curies":[{"name":"wp","href":"https:\/\/api.w.org\/{rel}","templated":true}]}}