{"id":71547,"date":"2025-05-06T18:01:00","date_gmt":"2025-05-06T23:01:00","guid":{"rendered":"https:\/\/iglesiapalabrapura.com\/site\/?post_type=product&#038;p=71547"},"modified":"2026-01-23T17:59:21","modified_gmt":"2026-01-23T22:59:21","slug":"mi-pequena-biblia-de-rompecabezas-e-imagenes","status":"publish","type":"product","link":"https:\/\/iglesiapalabrapura.com\/site\/product\/mi-pequena-biblia-de-rompecabezas-e-imagenes\/","title":{"rendered":"Mi peque\u00f1a Biblia de rompecabezas e im\u00e1genes"},"content":{"rendered":"<p>Esta hermosa Biblia para ni\u00f1os introduce a los peque\u00f1os entre 3 y 6 a\u00f1os, a las m\u00e1s asombrosas historias de la Biblia. Trae 18 hermosas historias de los personajes y narraciones m\u00e1s renombrados. Al mismo tiempo, los ni\u00f1os se divierten armando los rompecabezas ubicados al inicio y al final del libro. Sus im\u00e1genes son bien reales e impactantes, y transmiten la realidad del momento vivido por los personajes b\u00edblicos con un realismo impresionante. Se sugiere que sea una Biblia para ni\u00f1os mayores de 3 a\u00f1os que ya comprenden la instrucci\u00f3n de no llevar a la boca las piezas de los rompecabezas, pues contiene piezas peque\u00f1as de cart\u00f3n que los peque\u00f1os menores de 3 a\u00f1os pueden llevarse a la boca, y lastimarse.<\/p>\n","protected":false},"excerpt":{"rendered":"<p>Esta hermosa Biblia para ni\u00f1os introduce a los peque\u00f1os entre 3 y 6 a\u00f1os, a las m\u00e1s asombrosas historias de la Biblia. Trae 18 hermosas historias de los personajes y narraciones m\u00e1s renombrados.<\/p>\n","protected":false},"featured_media":71613,"comment_status":"open","ping_status":"closed","template":"","meta":[],"product_cat":[31,55,264,54,1167,1158],"product_tag":[],"class_list":{"0":"post-71547","1":"product","2":"type-product","3":"status-publish","4":"has-post-thumbnail","6":"product_cat-uncategorized","7":"product_cat-biblias","8":"product_cat-infantil","9":"product_cat-libros","10":"product_cat-ninos","11":"product_cat-por-temas","13":"first","14":"outofstock","15":"shipping-taxable","16":"purchasable","17":"product-type-simple"},"_links":{"self":[{"href":"https:\/\/iglesiapalabrapura.com\/site\/wp-json\/wp\/v2\/product\/71547","targetHints":{"allow":["GET"]}}],"collection":[{"href":"https:\/\/iglesiapalabrapura.com\/site\/wp-json\/wp\/v2\/product"}],"about":[{"href":"https:\/\/iglesiapalabrapura.com\/site\/wp-json\/wp\/v2\/types\/product"}],"replies":[{"embeddable":true,"href":"https:\/\/iglesiapalabrapura.com\/site\/wp-json\/wp\/v2\/comments?post=71547"}],"wp:featuredmedia":[{"embeddable":true,"href":"https:\/\/iglesiapalabrapura.com\/site\/wp-json\/wp\/v2\/media\/71613"}],"wp:attachment":[{"href":"https:\/\/iglesiapalabrapura.com\/site\/wp-json\/wp\/v2\/media?parent=71547"}],"wp:term":[{"taxonomy":"product_cat","embeddable":true,"href":"https:\/\/iglesiapalabrapura.com\/site\/wp-json\/wp\/v2\/product_cat?post=71547"},{"taxonomy":"product_tag","embeddable":true,"href":"https:\/\/iglesiapalabrapura.com\/site\/wp-json\/wp\/v2\/product_tag?post=71547"}],"curies":[{"name":"wp","href":"https:\/\/api.w.org\/{rel}","templated":true}]}}