{"id":72665,"date":"2025-09-23T16:11:56","date_gmt":"2025-09-23T21:11:56","guid":{"rendered":"https:\/\/iglesiapalabrapura.com\/site\/?post_type=product&#038;p=72665"},"modified":"2025-09-23T16:20:28","modified_gmt":"2025-09-23T21:20:28","slug":"has-nacido-de-nuevo-serie-video","status":"publish","type":"product","link":"https:\/\/iglesiapalabrapura.com\/site\/product\/has-nacido-de-nuevo-serie-video\/","title":{"rendered":"\u00bfHas Nacido de Nuevo? (Serie-Video)"},"content":{"rendered":"","protected":false},"excerpt":{"rendered":"<p class=\"p1\"><span class=\"s1\">No existe tal cosa como perder la salvaci\u00f3n; o una persona es salva para siempre o nunca lo fue. Nuestros Pastores Rafael y Adriana Lemes nos explican a trav\u00e9s de esta Ense\u00f1anza cu\u00e1les son las caracter\u00edsticas y se\u00f1ales de una persona que realmente ha nacido de nuevo,\u00a0 y por lo tanto es salva. Al final, llegar\u00e1s a la conclusi\u00f3n de si verdaderamente t\u00fa has nacido de nuevo.<\/span><\/p>\n<p>Ense\u00f1anza del a\u00f1o 2018<\/p>\n","protected":false},"featured_media":72667,"comment_status":"open","ping_status":"closed","template":"","meta":[],"product_cat":[53,1183,860,859,1181],"product_tag":[134,123,116,65,62],"class_list":{"0":"post-72665","1":"product","2":"type-product","3":"status-publish","4":"has-post-thumbnail","6":"product_cat-ensenanzavideo","7":"product_cat-obediencia","8":"product_cat-rafaellemes","9":"product_cat-adrianalemes-ensenanzavideo","10":"product_cat-por-autor-ensenanzavideo","11":"product_tag-has-nacido-de-nuevo","12":"product_tag-ensenanza","13":"product_tag-iglesia-palabra-pura","14":"product_tag-pastor-rafael-lemes","15":"product_tag-pastora-adriana-lemes","17":"first","18":"instock","19":"downloadable","20":"virtual","21":"purchasable","22":"product-type-simple"},"_links":{"self":[{"href":"https:\/\/iglesiapalabrapura.com\/site\/wp-json\/wp\/v2\/product\/72665","targetHints":{"allow":["GET"]}}],"collection":[{"href":"https:\/\/iglesiapalabrapura.com\/site\/wp-json\/wp\/v2\/product"}],"about":[{"href":"https:\/\/iglesiapalabrapura.com\/site\/wp-json\/wp\/v2\/types\/product"}],"replies":[{"embeddable":true,"href":"https:\/\/iglesiapalabrapura.com\/site\/wp-json\/wp\/v2\/comments?post=72665"}],"wp:featuredmedia":[{"embeddable":true,"href":"https:\/\/iglesiapalabrapura.com\/site\/wp-json\/wp\/v2\/media\/72667"}],"wp:attachment":[{"href":"https:\/\/iglesiapalabrapura.com\/site\/wp-json\/wp\/v2\/media?parent=72665"}],"wp:term":[{"taxonomy":"product_cat","embeddable":true,"href":"https:\/\/iglesiapalabrapura.com\/site\/wp-json\/wp\/v2\/product_cat?post=72665"},{"taxonomy":"product_tag","embeddable":true,"href":"https:\/\/iglesiapalabrapura.com\/site\/wp-json\/wp\/v2\/product_tag?post=72665"}],"curies":[{"name":"wp","href":"https:\/\/api.w.org\/{rel}","templated":true}]}}