{"id":72879,"date":"2025-10-24T17:35:48","date_gmt":"2025-10-24T22:35:48","guid":{"rendered":"https:\/\/iglesiapalabrapura.com\/site\/?post_type=product&#038;p=72879"},"modified":"2026-01-23T17:57:32","modified_gmt":"2026-01-23T22:57:32","slug":"biblia-nbla-beige","status":"publish","type":"product","link":"https:\/\/iglesiapalabrapura.com\/site\/product\/biblia-nbla-beige\/","title":{"rendered":"Biblia NBLA Beige"},"content":{"rendered":"","protected":false},"excerpt":{"rendered":"<p>La Santa Biblia, Letra Grande de la NBLA es una Biblia moderna y bellamente dise\u00f1ada. Utiliza la traducci\u00f3n de la Nueva Biblia de las Am\u00e9ricas que es una traducci\u00f3n literal escrita en el espa\u00f1ol de las Am\u00e9ricas.<\/p>\n<p>Esta es la Biblia perfecta para llevar, regalar y estudiar. La NBLA es ideal tanto para los lectores de la Biblia por primera vez como para los cristianos que han estudiado la Palabra de Dios toda su vida. El texto \u00edntegro de la Nueva Biblia de las Am\u00e9ricas retiene de manera muy precisa el significado de los idiomas originales, al mismo tiempo que provee claridad y legibilidad \u00fanicas. Respetando el mismo vocabulario, la gram\u00e1tica y la estructura de los originales, la Nueva Biblia de las Am\u00e9ricas es la traducci\u00f3n moderna m\u00e1s literal disponible en espa\u00f1ol latinoamericano. Incluye referencias.<\/p>\n","protected":false},"featured_media":72880,"comment_status":"open","ping_status":"closed","template":"","meta":[],"product_cat":[55],"product_tag":[1229,191,1228],"class_list":{"0":"post-72879","1":"product","2":"type-product","3":"status-publish","4":"has-post-thumbnail","6":"product_cat-biblias","7":"product_tag-beige","8":"product_tag-biblia","9":"product_tag-nbla","11":"first","12":"outofstock","13":"shipping-taxable","14":"purchasable","15":"product-type-simple"},"_links":{"self":[{"href":"https:\/\/iglesiapalabrapura.com\/site\/wp-json\/wp\/v2\/product\/72879","targetHints":{"allow":["GET"]}}],"collection":[{"href":"https:\/\/iglesiapalabrapura.com\/site\/wp-json\/wp\/v2\/product"}],"about":[{"href":"https:\/\/iglesiapalabrapura.com\/site\/wp-json\/wp\/v2\/types\/product"}],"replies":[{"embeddable":true,"href":"https:\/\/iglesiapalabrapura.com\/site\/wp-json\/wp\/v2\/comments?post=72879"}],"wp:featuredmedia":[{"embeddable":true,"href":"https:\/\/iglesiapalabrapura.com\/site\/wp-json\/wp\/v2\/media\/72880"}],"wp:attachment":[{"href":"https:\/\/iglesiapalabrapura.com\/site\/wp-json\/wp\/v2\/media?parent=72879"}],"wp:term":[{"taxonomy":"product_cat","embeddable":true,"href":"https:\/\/iglesiapalabrapura.com\/site\/wp-json\/wp\/v2\/product_cat?post=72879"},{"taxonomy":"product_tag","embeddable":true,"href":"https:\/\/iglesiapalabrapura.com\/site\/wp-json\/wp\/v2\/product_tag?post=72879"}],"curies":[{"name":"wp","href":"https:\/\/api.w.org\/{rel}","templated":true}]}}