{"id":72881,"date":"2025-10-24T17:39:10","date_gmt":"2025-10-24T22:39:10","guid":{"rendered":"https:\/\/iglesiapalabrapura.com\/site\/?post_type=product&#038;p=72881"},"modified":"2026-01-23T17:55:02","modified_gmt":"2026-01-23T22:55:02","slug":"biblia-tla-el-camino-la-verdad-y-la-vida-azul","status":"publish","type":"product","link":"https:\/\/iglesiapalabrapura.com\/site\/product\/biblia-tla-el-camino-la-verdad-y-la-vida-azul\/","title":{"rendered":"Biblia TLA El Camino, La Verdad y La Vida Azul"},"content":{"rendered":"","protected":false},"excerpt":{"rendered":"<p>Nuestra Biblia es la compa\u00f1era perfecta para tu crecimiento espiritual. Con un lenguaje claro y accesible, te invita a explorar las Sagradas Escrituras de manera sencilla y profunda.<\/p>\n<p>Traducci\u00f3n clara y fiel: Disfruta de una versi\u00f3n de la Biblia que te permitir\u00e1 comprender los mensajes divinos con facilidad, Versi\u00f3n Traducci\u00f3n al Lenguaje Actual (TLA)<\/p>\n<p>Glosario completo: Encuentra definiciones de t\u00e9rminos b\u00edblicos y culturales para enriquecer tu estudio.<\/p>\n<p>Mapas hist\u00f3ricos: Visualiza los escenarios b\u00edblicos y sigue los pasos de los personajes de la Biblia.<\/p>\n<p>Dise\u00f1o elegante y duradero: Nuestra Biblia est\u00e1 dise\u00f1ada para acompa\u00f1arte por muchos a\u00f1os.<\/p>\n","protected":false},"featured_media":72882,"comment_status":"open","ping_status":"closed","template":"","meta":[],"product_cat":[55,1153,1157],"product_tag":[191,1230,1231],"class_list":{"0":"post-72881","1":"product","2":"type-product","3":"status-publish","4":"has-post-thumbnail","6":"product_cat-biblias","7":"product_cat-biblias-por-version","8":"product_cat-tla","9":"product_tag-biblia","10":"product_tag-biblia-tla-el-camino","11":"product_tag-la-verdad-y-la-vida-azul","13":"first","14":"outofstock","15":"shipping-taxable","16":"purchasable","17":"product-type-simple"},"_links":{"self":[{"href":"https:\/\/iglesiapalabrapura.com\/site\/wp-json\/wp\/v2\/product\/72881","targetHints":{"allow":["GET"]}}],"collection":[{"href":"https:\/\/iglesiapalabrapura.com\/site\/wp-json\/wp\/v2\/product"}],"about":[{"href":"https:\/\/iglesiapalabrapura.com\/site\/wp-json\/wp\/v2\/types\/product"}],"replies":[{"embeddable":true,"href":"https:\/\/iglesiapalabrapura.com\/site\/wp-json\/wp\/v2\/comments?post=72881"}],"wp:featuredmedia":[{"embeddable":true,"href":"https:\/\/iglesiapalabrapura.com\/site\/wp-json\/wp\/v2\/media\/72882"}],"wp:attachment":[{"href":"https:\/\/iglesiapalabrapura.com\/site\/wp-json\/wp\/v2\/media?parent=72881"}],"wp:term":[{"taxonomy":"product_cat","embeddable":true,"href":"https:\/\/iglesiapalabrapura.com\/site\/wp-json\/wp\/v2\/product_cat?post=72881"},{"taxonomy":"product_tag","embeddable":true,"href":"https:\/\/iglesiapalabrapura.com\/site\/wp-json\/wp\/v2\/product_tag?post=72881"}],"curies":[{"name":"wp","href":"https:\/\/api.w.org\/{rel}","templated":true}]}}