{"id":72889,"date":"2025-10-24T18:00:12","date_gmt":"2025-10-24T23:00:12","guid":{"rendered":"https:\/\/iglesiapalabrapura.com\/site\/?post_type=product&#038;p=72889"},"modified":"2026-01-23T17:21:45","modified_gmt":"2026-01-23T22:21:45","slug":"biblia-rv1960-fue-en-la-cruz","status":"publish","type":"product","link":"https:\/\/iglesiapalabrapura.com\/site\/product\/biblia-rv1960-fue-en-la-cruz\/","title":{"rendered":"Biblia RV1960 Fue en la cruz"},"content":{"rendered":"","protected":false},"excerpt":{"rendered":"<p>Disfruta de una lectura clara y sin esfuerzo con la\u00a0Biblia RVR046 letra grande de 11 puntos, ideal para quienes buscan combinar comodidad, portabilidad y recursos de estudio completos. Su tipograf\u00eda en d\u00fao tono facilita la identificaci\u00f3n de cap\u00edtulos y vers\u00edculos, mientras que las notas a pie de p\u00e1gina enriquecen la comprensi\u00f3n y profundizan en el significado de las Escrituras.<\/p>\n<p>El papel de alta calidad de 28 g, su encuadernaci\u00f3n en cubierta Semi-piel y su dise\u00f1o elegante hacen de esta Biblia una excelente elecci\u00f3n tanto para el estudio personal como para la meditaci\u00f3n diaria.<\/p>\n","protected":false},"featured_media":72890,"comment_status":"open","ping_status":"closed","template":"","meta":[],"product_cat":[55,1153,1154],"product_tag":[191,1236],"class_list":{"0":"post-72889","1":"product","2":"type-product","3":"status-publish","4":"has-post-thumbnail","6":"product_cat-biblias","7":"product_cat-biblias-por-version","8":"product_cat-rv1960","9":"product_tag-biblia","10":"product_tag-biblia-rv1960-fue-en-la-cruz","12":"first","13":"outofstock","14":"shipping-taxable","15":"purchasable","16":"product-type-simple"},"_links":{"self":[{"href":"https:\/\/iglesiapalabrapura.com\/site\/wp-json\/wp\/v2\/product\/72889","targetHints":{"allow":["GET"]}}],"collection":[{"href":"https:\/\/iglesiapalabrapura.com\/site\/wp-json\/wp\/v2\/product"}],"about":[{"href":"https:\/\/iglesiapalabrapura.com\/site\/wp-json\/wp\/v2\/types\/product"}],"replies":[{"embeddable":true,"href":"https:\/\/iglesiapalabrapura.com\/site\/wp-json\/wp\/v2\/comments?post=72889"}],"wp:featuredmedia":[{"embeddable":true,"href":"https:\/\/iglesiapalabrapura.com\/site\/wp-json\/wp\/v2\/media\/72890"}],"wp:attachment":[{"href":"https:\/\/iglesiapalabrapura.com\/site\/wp-json\/wp\/v2\/media?parent=72889"}],"wp:term":[{"taxonomy":"product_cat","embeddable":true,"href":"https:\/\/iglesiapalabrapura.com\/site\/wp-json\/wp\/v2\/product_cat?post=72889"},{"taxonomy":"product_tag","embeddable":true,"href":"https:\/\/iglesiapalabrapura.com\/site\/wp-json\/wp\/v2\/product_tag?post=72889"}],"curies":[{"name":"wp","href":"https:\/\/api.w.org\/{rel}","templated":true}]}}