{"id":72951,"date":"2025-11-12T07:00:25","date_gmt":"2025-11-12T12:00:25","guid":{"rendered":"https:\/\/iglesiapalabrapura.com\/site\/?post_type=product&#038;p=72951"},"modified":"2025-11-07T17:31:47","modified_gmt":"2025-11-07T22:31:47","slug":"que-hablas-serie-video","status":"publish","type":"product","link":"https:\/\/iglesiapalabrapura.com\/site\/product\/que-hablas-serie-video\/","title":{"rendered":"\u00bfQU\u00c9 HABLAS? (SERIE- VIDEO)"},"content":{"rendered":"","protected":false},"excerpt":{"rendered":"<p>La serie &#8220;Qu\u00e9 Hablas?&#8221;, explica un principio fundamental de las Escrituras: el poder creativo y destructivo de la palabra que sale de nuestra boca.<\/p>\n<p>\u201cLa muerte y la vida est\u00e1n en poder de la lengua, y el que la ama comer\u00e1 de sus frutos.\u201d Proverbios 18:21<\/p>\n<p>El presente que enfrentas hoy no es una simple casualidad, sino el resultado directo de las palabras que declaraste y cre\u00edste en el pasado. De la misma manera, la vida que cosechar\u00e1s ma\u00f1ana ser\u00e1 el fruto de lo que est\u00e1s hablando hoy; si constantemente hablas de escasez, enfermedad o derrota, eso vivir\u00e1s. Si aprendes a hablar correctamente, aline\u00e1ndote a lo que escrito est\u00e1, no solo tu vida cambiar\u00e1, sino tambi\u00e9n la de aquellos a tu alrededor.<\/p>\n<p>&nbsp;<\/p>\n<p>Ense\u00f1anza del a\u00f1o 2025<\/p>\n","protected":false},"featured_media":72948,"comment_status":"open","ping_status":"closed","template":"","meta":[],"product_cat":[53,1183,860,1181,1180],"product_tag":[1249,116,65,120],"class_list":{"0":"post-72951","1":"product","2":"type-product","3":"status-publish","4":"has-post-thumbnail","6":"product_cat-ensenanzavideo","7":"product_cat-obediencia","8":"product_cat-rafaellemes","9":"product_cat-por-autor-ensenanzavideo","10":"product_cat-por-tema","11":"product_tag-que-hablas","12":"product_tag-iglesia-palabra-pura","13":"product_tag-pastor-rafael-lemes","14":"product_tag-serie","16":"first","17":"instock","18":"downloadable","19":"virtual","20":"purchasable","21":"product-type-simple"},"_links":{"self":[{"href":"https:\/\/iglesiapalabrapura.com\/site\/wp-json\/wp\/v2\/product\/72951","targetHints":{"allow":["GET"]}}],"collection":[{"href":"https:\/\/iglesiapalabrapura.com\/site\/wp-json\/wp\/v2\/product"}],"about":[{"href":"https:\/\/iglesiapalabrapura.com\/site\/wp-json\/wp\/v2\/types\/product"}],"replies":[{"embeddable":true,"href":"https:\/\/iglesiapalabrapura.com\/site\/wp-json\/wp\/v2\/comments?post=72951"}],"wp:featuredmedia":[{"embeddable":true,"href":"https:\/\/iglesiapalabrapura.com\/site\/wp-json\/wp\/v2\/media\/72948"}],"wp:attachment":[{"href":"https:\/\/iglesiapalabrapura.com\/site\/wp-json\/wp\/v2\/media?parent=72951"}],"wp:term":[{"taxonomy":"product_cat","embeddable":true,"href":"https:\/\/iglesiapalabrapura.com\/site\/wp-json\/wp\/v2\/product_cat?post=72951"},{"taxonomy":"product_tag","embeddable":true,"href":"https:\/\/iglesiapalabrapura.com\/site\/wp-json\/wp\/v2\/product_tag?post=72951"}],"curies":[{"name":"wp","href":"https:\/\/api.w.org\/{rel}","templated":true}]}}