{"id":73194,"date":"2026-02-02T14:48:47","date_gmt":"2026-02-02T19:48:47","guid":{"rendered":"https:\/\/iglesiapalabrapura.com\/site\/?post_type=product&#038;p=73194"},"modified":"2026-02-02T16:33:38","modified_gmt":"2026-02-02T21:33:38","slug":"grandes-historias-para-pequenos-lectores-abraham-y-la-gran-promesa","status":"publish","type":"product","link":"https:\/\/iglesiapalabrapura.com\/site\/product\/grandes-historias-para-pequenos-lectores-abraham-y-la-gran-promesa\/","title":{"rendered":"Grandes Historias Para Peque\u00f1os Lectores \/ Abraham y la gran promesa"},"content":{"rendered":"","protected":false},"excerpt":{"rendered":"<p>La colecci\u00f3n Grandes Historias para peque\u00f1os lectores es una extraordinaria colecci\u00f3n de peque\u00f1os libros con Historias B\u00edblicas para los m\u00e1s peque\u00f1os de la casa. Se compone de 15 libros con las principales narraciones b\u00edblicas de los grandes personajes que aparecen en las Escrituras. Esta producci\u00f3n \u00fanica de Abba est\u00e1 pensada para que los ni\u00f1os puedan aprender de los personajes de la Biblia a un precio muy accesible.<\/p>\n<p>Caracter\u00edsticas:<br \/>\nPapel de gran calidad<br \/>\nPreguntas de comprensi\u00f3n al final de cada libro<br \/>\nP\u00e1ginas de actividades al final de cada libro.<br \/>\nA Todo color<\/p>\n","protected":false},"featured_media":73197,"comment_status":"open","ping_status":"closed","template":"","meta":[],"product_cat":[264,1167,1158],"product_tag":[1264,1263,362,192],"class_list":{"0":"post-73194","1":"product","2":"type-product","3":"status-publish","4":"has-post-thumbnail","6":"product_cat-infantil","7":"product_cat-ninos","8":"product_cat-por-temas","9":"product_tag-abraham-y-la-gran-promesa","10":"product_tag-grandes-historias-para-pequenos-lectores","11":"product_tag-libros","12":"product_tag-ninos","14":"first","15":"instock","16":"shipping-taxable","17":"purchasable","18":"product-type-simple"},"_links":{"self":[{"href":"https:\/\/iglesiapalabrapura.com\/site\/wp-json\/wp\/v2\/product\/73194","targetHints":{"allow":["GET"]}}],"collection":[{"href":"https:\/\/iglesiapalabrapura.com\/site\/wp-json\/wp\/v2\/product"}],"about":[{"href":"https:\/\/iglesiapalabrapura.com\/site\/wp-json\/wp\/v2\/types\/product"}],"replies":[{"embeddable":true,"href":"https:\/\/iglesiapalabrapura.com\/site\/wp-json\/wp\/v2\/comments?post=73194"}],"wp:featuredmedia":[{"embeddable":true,"href":"https:\/\/iglesiapalabrapura.com\/site\/wp-json\/wp\/v2\/media\/73197"}],"wp:attachment":[{"href":"https:\/\/iglesiapalabrapura.com\/site\/wp-json\/wp\/v2\/media?parent=73194"}],"wp:term":[{"taxonomy":"product_cat","embeddable":true,"href":"https:\/\/iglesiapalabrapura.com\/site\/wp-json\/wp\/v2\/product_cat?post=73194"},{"taxonomy":"product_tag","embeddable":true,"href":"https:\/\/iglesiapalabrapura.com\/site\/wp-json\/wp\/v2\/product_tag?post=73194"}],"curies":[{"name":"wp","href":"https:\/\/api.w.org\/{rel}","templated":true}]}}