{"id":73195,"date":"2026-02-02T15:06:07","date_gmt":"2026-02-02T20:06:07","guid":{"rendered":"https:\/\/iglesiapalabrapura.com\/site\/?post_type=product&#038;p=73195"},"modified":"2026-02-05T15:23:08","modified_gmt":"2026-02-05T20:23:08","slug":"devocional-amor-y-respeto-52-semanas","status":"publish","type":"product","link":"https:\/\/iglesiapalabrapura.com\/site\/product\/devocional-amor-y-respeto-52-semanas\/","title":{"rendered":"Devocional Amor y Respeto \/ 52 Semanas"},"content":{"rendered":"","protected":false},"excerpt":{"rendered":"<p>En este devocional para parejas basado en el best seller cl\u00e1sico, Eggerichs encuest\u00f3 a miles de parejas para desarrollar 52 devocionales en torno a los tres ciclos que est\u00e1n en el coraz\u00f3n de Amor y respeto.<\/p>\n<p>Emerson Eggerichs ha transformado matrimonios en todo el mundo con su enfoque basado en la Biblia para comprender el amor que ella m\u00e1s desea y el respeto que \u00e9l necesita desesperadamente. Ahora, en este esperado devocional basado en Amor y respeto, Emerson ha creado una experiencia para parejas que es eficaz, flexible y cambia la vida.<\/p>\n<p>Para elaborar este devocionario para parejas, Eggerichs ha tomado las principales preocupaciones que surgieron en una encuesta realizada a miles de parejas y ha desarrollado 52 devocionales en torno a los tres ciclos que constituyen el n\u00facleo de Amor y respeto. En una ocasi\u00f3n, la pareja hablar\u00e1 de c\u00f3mo detener el Ciclo de la Locura o mantenerlo a raya. El siguiente devocional tratar\u00e1 sobre un concepto basado en el Ciclo de la Recompensa, que hace hincapi\u00e9 en el prop\u00f3sito \u00faltimo del matrimonio. Y en el siguiente, ambos hablar\u00e1n de c\u00f3mo utilizar el Ciclo Energizante en sus esfuerzos por amarse y respetarse.<\/p>\n<p>Este devocional tan esperado:<\/p>\n<p>Contiene 52 devociones orientadas espec\u00edficamente a las preocupaciones m\u00e1s comunes de las parejas<br \/>\nPuede hacerse semanalmente o al ritmo que elija<br \/>\nEs apto para maridos y mujeres, escrito para garantizar que ambos se sientan c\u00f3modos en el proceso<\/p>\n","protected":false},"featured_media":73196,"comment_status":"open","ping_status":"closed","template":"","meta":[],"product_cat":[844,54,1165,1171,1158],"product_tag":[1262,485,69],"class_list":{"0":"post-73195","1":"product","2":"type-product","3":"status-publish","4":"has-post-thumbnail","6":"product_cat-emersoneggerichs","7":"product_cat-libros","8":"product_cat-matrimonio","9":"product_cat-por-autor","10":"product_cat-por-temas","11":"product_tag-devocional-amor-y-respeto","12":"product_tag-dr-emerson-eggerichs","13":"product_tag-libro","15":"first","16":"instock","17":"shipping-taxable","18":"purchasable","19":"product-type-simple"},"_links":{"self":[{"href":"https:\/\/iglesiapalabrapura.com\/site\/wp-json\/wp\/v2\/product\/73195","targetHints":{"allow":["GET"]}}],"collection":[{"href":"https:\/\/iglesiapalabrapura.com\/site\/wp-json\/wp\/v2\/product"}],"about":[{"href":"https:\/\/iglesiapalabrapura.com\/site\/wp-json\/wp\/v2\/types\/product"}],"replies":[{"embeddable":true,"href":"https:\/\/iglesiapalabrapura.com\/site\/wp-json\/wp\/v2\/comments?post=73195"}],"wp:featuredmedia":[{"embeddable":true,"href":"https:\/\/iglesiapalabrapura.com\/site\/wp-json\/wp\/v2\/media\/73196"}],"wp:attachment":[{"href":"https:\/\/iglesiapalabrapura.com\/site\/wp-json\/wp\/v2\/media?parent=73195"}],"wp:term":[{"taxonomy":"product_cat","embeddable":true,"href":"https:\/\/iglesiapalabrapura.com\/site\/wp-json\/wp\/v2\/product_cat?post=73195"},{"taxonomy":"product_tag","embeddable":true,"href":"https:\/\/iglesiapalabrapura.com\/site\/wp-json\/wp\/v2\/product_tag?post=73195"}],"curies":[{"name":"wp","href":"https:\/\/api.w.org\/{rel}","templated":true}]}}