{"id":73209,"date":"2026-02-04T17:24:59","date_gmt":"2026-02-04T22:24:59","guid":{"rendered":"https:\/\/iglesiapalabrapura.com\/site\/?post_type=product&#038;p=73209"},"modified":"2026-02-05T15:22:06","modified_gmt":"2026-02-05T20:22:06","slug":"grandes-historias-para-pequenos-lectores-elias-un-profeta-de-dios","status":"publish","type":"product","link":"https:\/\/iglesiapalabrapura.com\/site\/product\/grandes-historias-para-pequenos-lectores-elias-un-profeta-de-dios\/","title":{"rendered":"Grandes Historias Para Peque\u00f1os Lectores \/ El\u00edas un Profeta de Dios"},"content":{"rendered":"","protected":false},"excerpt":{"rendered":"<p>La colecci\u00f3n Grandes Historias para peque\u00f1os lectores es una extraordinaria colecci\u00f3n de peque\u00f1os libros con Historias B\u00edblicas para los m\u00e1s peque\u00f1os de la casa. Se compone de 15 libros con las principales narraciones b\u00edblicas de los grandes personajes que aparecen en las Escrituras.<\/p>\n<p>Esta producci\u00f3n \u00fanica de Abba est\u00e1 pensada para que los ni\u00f1os puedan aprender de los personajes de la Biblia a un precio muy accesible.<\/p>\n","protected":false},"featured_media":73210,"comment_status":"open","ping_status":"closed","template":"","meta":[],"product_cat":[264,1167,1158],"product_tag":[1265,1263,362,192],"class_list":{"0":"post-73209","1":"product","2":"type-product","3":"status-publish","4":"has-post-thumbnail","6":"product_cat-infantil","7":"product_cat-ninos","8":"product_cat-por-temas","9":"product_tag-elias-un-profeta-de-dios","10":"product_tag-grandes-historias-para-pequenos-lectores","11":"product_tag-libros","12":"product_tag-ninos","14":"first","15":"instock","16":"shipping-taxable","17":"purchasable","18":"product-type-simple"},"_links":{"self":[{"href":"https:\/\/iglesiapalabrapura.com\/site\/wp-json\/wp\/v2\/product\/73209","targetHints":{"allow":["GET"]}}],"collection":[{"href":"https:\/\/iglesiapalabrapura.com\/site\/wp-json\/wp\/v2\/product"}],"about":[{"href":"https:\/\/iglesiapalabrapura.com\/site\/wp-json\/wp\/v2\/types\/product"}],"replies":[{"embeddable":true,"href":"https:\/\/iglesiapalabrapura.com\/site\/wp-json\/wp\/v2\/comments?post=73209"}],"wp:featuredmedia":[{"embeddable":true,"href":"https:\/\/iglesiapalabrapura.com\/site\/wp-json\/wp\/v2\/media\/73210"}],"wp:attachment":[{"href":"https:\/\/iglesiapalabrapura.com\/site\/wp-json\/wp\/v2\/media?parent=73209"}],"wp:term":[{"taxonomy":"product_cat","embeddable":true,"href":"https:\/\/iglesiapalabrapura.com\/site\/wp-json\/wp\/v2\/product_cat?post=73209"},{"taxonomy":"product_tag","embeddable":true,"href":"https:\/\/iglesiapalabrapura.com\/site\/wp-json\/wp\/v2\/product_tag?post=73209"}],"curies":[{"name":"wp","href":"https:\/\/api.w.org\/{rel}","templated":true}]}}